{"id":1159,"date":"2021-11-29T13:16:10","date_gmt":"2021-11-29T13:16:10","guid":{"rendered":"https:\/\/ic-konferencije.eu\/?page_id=1159"},"modified":"2021-12-06T08:45:55","modified_gmt":"2021-12-06T08:45:55","slug":"o-viziji","status":"publish","type":"page","link":"https:\/\/ic-konferencije.eu\/en\/o-viziji\/","title":{"rendered":"About the vision"},"content":{"rendered":"<div data-elementor-type=\"wp-post\" data-elementor-id=\"1159\" class=\"elementor elementor-1159\">\n\t\t\t\t\t\t<section class=\"elementor-section elementor-top-section elementor-element elementor-element-77ccb31 elementor-section-height-min-height elementor-section-boxed elementor-section-height-default elementor-section-items-middle\" data-id=\"77ccb31\" data-element_type=\"section\" data-e-type=\"section\" data-settings=\"{&quot;background_background&quot;:&quot;classic&quot;}\">\n\t\t\t\t\t\t\t<div class=\"elementor-background-overlay\"><\/div>\n\t\t\t\t\t\t\t<div class=\"elementor-container elementor-column-gap-default\">\n\t\t\t\t\t<div class=\"elementor-column elementor-col-100 elementor-top-column elementor-element elementor-element-c6408c8 envato-kit-62-home\" data-id=\"c6408c8\" data-element_type=\"column\" data-e-type=\"column\" data-settings=\"{&quot;background_background&quot;:&quot;classic&quot;}\">\n\t\t\t<div class=\"elementor-widget-wrap elementor-element-populated\">\n\t\t\t\t\t\t<div class=\"elementor-element elementor-element-de72c4a elementor-widget elementor-widget-heading\" data-id=\"de72c4a\" data-element_type=\"widget\" data-e-type=\"widget\" data-widget_type=\"heading.default\">\n\t\t\t\t<div class=\"elementor-widget-container\">\n\t\t\t\t\t<h1 class=\"elementor-heading-title elementor-size-default\">ABOUT THE VISION<\/h1>\t\t\t\t<\/div>\n\t\t\t\t<\/div>\n\t\t\t\t\t<\/div>\n\t\t<\/div>\n\t\t\t\t\t<\/div>\n\t\t<\/section>\n\t\t\t\t<section class=\"elementor-section elementor-top-section elementor-element elementor-element-1fbe929 elementor-section-full_width elementor-section-height-default elementor-section-height-default\" data-id=\"1fbe929\" data-element_type=\"section\" data-e-type=\"section\">\n\t\t\t\t\t\t<div class=\"elementor-container elementor-column-gap-default\">\n\t\t\t\t\t<div class=\"elementor-column elementor-col-50 elementor-top-column elementor-element elementor-element-c2d8135\" data-id=\"c2d8135\" data-element_type=\"column\" data-e-type=\"column\">\n\t\t\t<div class=\"elementor-widget-wrap elementor-element-populated\">\n\t\t\t\t\t\t<section class=\"elementor-section elementor-inner-section elementor-element elementor-element-d52ae24 elementor-section-full_width elementor-section-height-default elementor-section-height-default\" data-id=\"d52ae24\" data-element_type=\"section\" data-e-type=\"section\">\n\t\t\t\t\t\t<div class=\"elementor-container elementor-column-gap-default\">\n\t\t\t\t\t<div class=\"elementor-column elementor-col-100 elementor-inner-column elementor-element elementor-element-bd51c50\" data-id=\"bd51c50\" data-element_type=\"column\" data-e-type=\"column\">\n\t\t\t<div class=\"elementor-widget-wrap elementor-element-populated\">\n\t\t\t\t\t\t<div class=\"elementor-element elementor-element-887ff8d elementor-widget elementor-widget-text-editor\" data-id=\"887ff8d\" data-element_type=\"widget\" data-e-type=\"widget\" data-widget_type=\"text-editor.default\">\n\t\t\t\t<div class=\"elementor-widget-container\">\n\t\t\t\t\t\t\t\t\t<p class=\"translation-block\">Briefly about <strong> <em>Integrative Counseling and Support Centre\u2019s<\/em><\/strong> vision<\/p><p>Integrative Counselling and Support Centre\u2019s vision was created based on the needs of the community, many years of experience of implementation and development of social services for children and families at risk and the vision of our expert team to create a support model in accordance with modern European and world standards. This work is based on a comprehensive, holistic approach to working with children and families at risk.<\/p><p>Integrative Counselling and Support Centre contribute to:<\/p><ol><li>respecting rights acknowledged in the UN Convention on the Rights of the Child<\/li><li>achieving Global Sustainable Development Goals<\/li><li>realising the strategic goals and priorities for implementation in the field of social policy\naccording to the National Development Strategy of the Republic of Croatian until 2030<\/li><li>regional accessibility and development of insufficient and underdeveloped social services for children and families at risk<\/li><li>achieving goals of the Strategy for the Development of the Urban Agglomeration of Osijek<\/li><li>supporting European Social Fund priorities<\/li><li>applying principles of the European Pillar of Social Rights<\/li><li>achieving the goals of the National Recovery and Resilience Plan 2021-2026.<\/li><\/ol><p>The needs of the community have been explored through long-term preparation and implementation of the Centre\u2019s projects and programs within which we have developed collaborations with numerous stakeholders and experts from the system of social welfare, education and health.<\/p>\t\t\t\t\t\t\t\t<\/div>\n\t\t\t\t<\/div>\n\t\t\t\t\t<\/div>\n\t\t<\/div>\n\t\t\t\t\t<\/div>\n\t\t<\/section>\n\t\t\t\t\t<\/div>\n\t\t<\/div>\n\t\t\t\t<div class=\"elementor-column elementor-col-50 elementor-top-column elementor-element elementor-element-749928d\" data-id=\"749928d\" data-element_type=\"column\" data-e-type=\"column\">\n\t\t\t<div class=\"elementor-widget-wrap elementor-element-populated\">\n\t\t\t\t\t\t\t<\/div>\n\t\t<\/div>\n\t\t\t\t\t<\/div>\n\t\t<\/section>\n\t\t\t\t<\/div>","protected":false},"excerpt":{"rendered":"<p>O VIZIJI Ukratko o viziji Integrativni centar za savjetovanje i podr\u0161ku Integrativni centar za savjetovanje i podr\u0161ku vizija je nastala na temelju potreba zajednice, dugogodi\u0161njeg iskustva na\u0161e organizacije u provedbi i razvoju socijalnih usluga za djecu i obitelji u riziku i vizije stru\u010dnog tima o stvaranju modela podr\u0161ke u skladu sa suvremenim europskim i svjetskim [&hellip;]<\/p>\n","protected":false},"author":1,"featured_media":0,"parent":0,"menu_order":0,"comment_status":"closed","ping_status":"closed","template":"","meta":{"site-sidebar-layout":"no-sidebar","site-content-layout":"page-builder","ast-site-content-layout":"default","site-content-style":"default","site-sidebar-style":"default","ast-global-header-display":"","ast-banner-title-visibility":"","ast-main-header-display":"","ast-hfb-above-header-display":"","ast-hfb-below-header-display":"","ast-hfb-mobile-header-display":"","site-post-title":"disabled","ast-breadcrumbs-content":"","ast-featured-img":"disabled","footer-sml-layout":"","ast-disable-related-posts":"","theme-transparent-header-meta":"default","adv-header-id-meta":"","stick-header-meta":"","header-above-stick-meta":"","header-main-stick-meta":"","header-below-stick-meta":"","astra-migrate-meta-layouts":"default","ast-page-background-enabled":"default","ast-page-background-meta":{"desktop":{"background-color":"","background-image":"","background-repeat":"repeat","background-position":"center center","background-size":"auto","background-attachment":"scroll","background-type":"","background-media":"","overlay-type":"","overlay-color":"","overlay-opacity":"","overlay-gradient":""},"tablet":{"background-color":"","background-image":"","background-repeat":"repeat","background-position":"center center","background-size":"auto","background-attachment":"scroll","background-type":"","background-media":"","overlay-type":"","overlay-color":"","overlay-opacity":"","overlay-gradient":""},"mobile":{"background-color":"","background-image":"","background-repeat":"repeat","background-position":"center center","background-size":"auto","background-attachment":"scroll","background-type":"","background-media":"","overlay-type":"","overlay-color":"","overlay-opacity":"","overlay-gradient":""}},"ast-content-background-meta":{"desktop":{"background-color":"var(--ast-global-color-5)","background-image":"","background-repeat":"repeat","background-position":"center center","background-size":"auto","background-attachment":"scroll","background-type":"","background-media":"","overlay-type":"","overlay-color":"","overlay-opacity":"","overlay-gradient":""},"tablet":{"background-color":"var(--ast-global-color-5)","background-image":"","background-repeat":"repeat","background-position":"center center","background-size":"auto","background-attachment":"scroll","background-type":"","background-media":"","overlay-type":"","overlay-color":"","overlay-opacity":"","overlay-gradient":""},"mobile":{"background-color":"var(--ast-global-color-5)","background-image":"","background-repeat":"repeat","background-position":"center center","background-size":"auto","background-attachment":"scroll","background-type":"","background-media":"","overlay-type":"","overlay-color":"","overlay-opacity":"","overlay-gradient":""}},"footnotes":""},"class_list":["post-1159","page","type-page","status-publish","hentry"],"_links":{"self":[{"href":"https:\/\/ic-konferencije.eu\/en\/wp-json\/wp\/v2\/pages\/1159","targetHints":{"allow":["GET"]}}],"collection":[{"href":"https:\/\/ic-konferencije.eu\/en\/wp-json\/wp\/v2\/pages"}],"about":[{"href":"https:\/\/ic-konferencije.eu\/en\/wp-json\/wp\/v2\/types\/page"}],"author":[{"embeddable":true,"href":"https:\/\/ic-konferencije.eu\/en\/wp-json\/wp\/v2\/users\/1"}],"replies":[{"embeddable":true,"href":"https:\/\/ic-konferencije.eu\/en\/wp-json\/wp\/v2\/comments?post=1159"}],"version-history":[{"count":43,"href":"https:\/\/ic-konferencije.eu\/en\/wp-json\/wp\/v2\/pages\/1159\/revisions"}],"predecessor-version":[{"id":1965,"href":"https:\/\/ic-konferencije.eu\/en\/wp-json\/wp\/v2\/pages\/1159\/revisions\/1965"}],"wp:attachment":[{"href":"https:\/\/ic-konferencije.eu\/en\/wp-json\/wp\/v2\/media?parent=1159"}],"curies":[{"name":"wp","href":"https:\/\/api.w.org\/{rel}","templated":true}]}}