{"id":1228,"date":"2021-11-29T17:35:32","date_gmt":"2021-11-29T17:35:32","guid":{"rendered":"https:\/\/ic-konferencije.eu\/?page_id=1228"},"modified":"2023-03-05T10:44:32","modified_gmt":"2023-03-05T10:44:32","slug":"o-konferenciji","status":"publish","type":"page","link":"https:\/\/ic-konferencije.eu\/en\/o-konferenciji\/","title":{"rendered":"About the conference"},"content":{"rendered":"<div data-elementor-type=\"wp-post\" data-elementor-id=\"1228\" class=\"elementor elementor-1228\">\n\t\t\t\t\t\t<section class=\"elementor-section elementor-top-section elementor-element elementor-element-77ccb31 elementor-section-height-min-height elementor-section-boxed elementor-section-height-default elementor-section-items-middle\" data-id=\"77ccb31\" data-element_type=\"section\" data-e-type=\"section\" data-settings=\"{&quot;background_background&quot;:&quot;classic&quot;}\">\n\t\t\t\t\t\t\t<div class=\"elementor-background-overlay\"><\/div>\n\t\t\t\t\t\t\t<div class=\"elementor-container elementor-column-gap-default\">\n\t\t\t\t\t<div class=\"elementor-column elementor-col-100 elementor-top-column elementor-element elementor-element-c6408c8 envato-kit-62-home\" data-id=\"c6408c8\" data-element_type=\"column\" data-e-type=\"column\" data-settings=\"{&quot;background_background&quot;:&quot;classic&quot;}\">\n\t\t\t<div class=\"elementor-widget-wrap elementor-element-populated\">\n\t\t\t\t\t\t<div class=\"elementor-element elementor-element-de72c4a elementor-widget elementor-widget-heading\" data-id=\"de72c4a\" data-element_type=\"widget\" data-e-type=\"widget\" data-widget_type=\"heading.default\">\n\t\t\t\t<div class=\"elementor-widget-container\">\n\t\t\t\t\t<h1 class=\"elementor-heading-title elementor-size-default\">ABOUT THE CONFERENCE<\/h1>\t\t\t\t<\/div>\n\t\t\t\t<\/div>\n\t\t\t\t\t<\/div>\n\t\t<\/div>\n\t\t\t\t\t<\/div>\n\t\t<\/section>\n\t\t\t\t<section class=\"elementor-section elementor-top-section elementor-element elementor-element-143eb98 elementor-section-full_width elementor-section-height-default elementor-section-height-default\" data-id=\"143eb98\" data-element_type=\"section\" data-e-type=\"section\">\n\t\t\t\t\t\t<div class=\"elementor-container elementor-column-gap-default\">\n\t\t\t\t\t<div class=\"elementor-column elementor-col-50 elementor-top-column elementor-element elementor-element-0d74496\" data-id=\"0d74496\" data-element_type=\"column\" data-e-type=\"column\">\n\t\t\t<div class=\"elementor-widget-wrap elementor-element-populated\">\n\t\t\t\t\t\t<section class=\"elementor-section elementor-inner-section elementor-element elementor-element-3a3435a elementor-section-full_width elementor-section-height-default elementor-section-height-default\" data-id=\"3a3435a\" data-element_type=\"section\" data-e-type=\"section\">\n\t\t\t\t\t\t<div class=\"elementor-container elementor-column-gap-default\">\n\t\t\t\t\t<div class=\"elementor-column elementor-col-100 elementor-inner-column elementor-element elementor-element-9f10c15\" data-id=\"9f10c15\" data-element_type=\"column\" data-e-type=\"column\">\n\t\t\t<div class=\"elementor-widget-wrap elementor-element-populated\">\n\t\t\t\t\t\t<div class=\"elementor-element elementor-element-3f52009 elementor-widget elementor-widget-text-editor\" data-id=\"3f52009\" data-element_type=\"widget\" data-e-type=\"widget\" data-widget_type=\"text-editor.default\">\n\t\t\t\t<div class=\"elementor-widget-container\">\n\t\t\t\t\t\t\t\t\t<p><span style=\"font-weight: 400;\">International conference <\/span><b><i>Innovative methods and approaches in working with children with SEND <\/i><\/b><span style=\"font-weight: 400;\">is organized by the Children\u2019s Creative Center <\/span><i><span style=\"font-weight: 400;\">DOKKICA <\/span><\/i><span style=\"font-weight: 400;\">u okviru projekta <\/span><i><span style=\"font-weight: 400;\">Development of Innovative Social Services - Integrative Counseling and Support Center<\/span><\/i><span style=\"font-weight: 400;\"> , which is implemented in partnership with the City of Osijek and the Municipality of Ernestivnovo.<\/span><\/p><p><strong style=\"font-style: inherit; background-color: var(--ast-global-color-4); color: var(--ast-global-color-3);\">Reasons for organizing a conference<\/strong><\/p><p>With the international conference <i><b>Innovative methods and approaches in working with children with SEND<\/b><\/i> , we wanted to create an inclusive conference program that will include a wide range of methods and approaches, regarding experts from different countries in order to present social diversity.<\/p><p>For that reason, with this conference we wanted to create a place for exchanging experiences of professionals who developed and\/or apply different methods, approaches and techniques in therapy with children with disabilities, but also and models of work which include whole families in mentioned process. Goal of this conference is also to create a platform for gathered experts in various fields and specializations, in order to contribute to the exchange of their knowledge in working with children with disabilities, and enable faster and more effective resolving of challenges, and reduce social inequalities in service for this group of users.<\/p>\t\t\t\t\t\t\t\t<\/div>\n\t\t\t\t<\/div>\n\t\t\t\t<div class=\"elementor-element elementor-element-8682e41 elementor-widget elementor-widget-image\" data-id=\"8682e41\" data-element_type=\"widget\" data-e-type=\"widget\" data-widget_type=\"image.default\">\n\t\t\t\t<div class=\"elementor-widget-container\">\n\t\t\t\t\t\t\t\t\t\t\t\t\t\t\t<img fetchpriority=\"high\" decoding=\"async\" width=\"2560\" height=\"1707\" src=\"https:\/\/ic-konferencije.eu\/wp-content\/uploads\/2023\/01\/Slika-1-scaled.jpg\" class=\"attachment-full size-full wp-image-3053\" alt=\"\" srcset=\"https:\/\/ic-konferencije.eu\/wp-content\/uploads\/2023\/01\/Slika-1-scaled.jpg 2560w, https:\/\/ic-konferencije.eu\/wp-content\/uploads\/2023\/01\/Slika-1-300x200.jpg 300w, https:\/\/ic-konferencije.eu\/wp-content\/uploads\/2023\/01\/Slika-1-1024x683.jpg 1024w, https:\/\/ic-konferencije.eu\/wp-content\/uploads\/2023\/01\/Slika-1-768x512.jpg 768w, https:\/\/ic-konferencije.eu\/wp-content\/uploads\/2023\/01\/Slika-1-1536x1024.jpg 1536w, https:\/\/ic-konferencije.eu\/wp-content\/uploads\/2023\/01\/Slika-1-2048x1366.jpg 2048w, https:\/\/ic-konferencije.eu\/wp-content\/uploads\/2023\/01\/Slika-1-18x12.jpg 18w\" sizes=\"(max-width: 2560px) 100vw, 2560px\" \/>\t\t\t\t\t\t\t\t\t\t\t\t\t\t\t<\/div>\n\t\t\t\t<\/div>\n\t\t\t\t<div class=\"elementor-element elementor-element-5213083 elementor-widget elementor-widget-text-editor\" data-id=\"5213083\" data-element_type=\"widget\" data-e-type=\"widget\" data-widget_type=\"text-editor.default\">\n\t\t\t\t<div class=\"elementor-widget-container\">\n\t\t\t\t\t\t\t\t\t<p><b>Konferencija 2023.<\/b><\/p><p><span style=\"font-weight: 400;\">Na temelju va\u0161ih dojmova s pro\u0161logodi\u0161nje konferencije kreirali smo teme i sadr\u017eaj za ovogodi\u0161nju. Detaljna analiza evaluacije pokazala je kako su teme povezane s metodama i pristupima koji su usmjereni na roditelje i obitelj, a ne samo na djecu s pote\u0161ko\u0107ama u razvoju aktualne i va\u017ene za va\u0161 rad. Stoga smo ove godine kreirali konferencijski program usmjeren upravo cijeloj obitelji i pristupima u radu koji navedeno omogu\u0107uju.<\/span><\/p><p><b>Tematska podru\u010dja konferencije<\/b><\/p><p><span style=\"font-weight: 400;\">Ove \u0107e se godine tematska podru\u010dja konferencije usmjeriti na rad s obitelji i roditeljima djece s te\u0161ko\u0107ama u razvoju te na prikaz praksi, metoda i na\u010dina rada razli\u010ditih organizacija koje djeluju u zajednicama poput vrti\u0107a, \u0161kola, udruga, centara i mnogih drugih, iz razli\u010ditih dijelova Hrvatske.<\/span><\/p>\t\t\t\t\t\t\t\t<\/div>\n\t\t\t\t<\/div>\n\t\t\t\t<div class=\"elementor-element elementor-element-e2c534e elementor-widget elementor-widget-image\" data-id=\"e2c534e\" data-element_type=\"widget\" data-e-type=\"widget\" data-widget_type=\"image.default\">\n\t\t\t\t<div class=\"elementor-widget-container\">\n\t\t\t\t\t\t\t\t\t\t\t\t\t\t\t<img decoding=\"async\" width=\"2000\" height=\"1334\" src=\"https:\/\/ic-konferencije.eu\/wp-content\/uploads\/2023\/01\/Slika-2.jpg\" class=\"attachment-full size-full wp-image-3052\" alt=\"\" srcset=\"https:\/\/ic-konferencije.eu\/wp-content\/uploads\/2023\/01\/Slika-2.jpg 2000w, https:\/\/ic-konferencije.eu\/wp-content\/uploads\/2023\/01\/Slika-2-300x200.jpg 300w, https:\/\/ic-konferencije.eu\/wp-content\/uploads\/2023\/01\/Slika-2-1024x683.jpg 1024w, https:\/\/ic-konferencije.eu\/wp-content\/uploads\/2023\/01\/Slika-2-768x512.jpg 768w, https:\/\/ic-konferencije.eu\/wp-content\/uploads\/2023\/01\/Slika-2-1536x1025.jpg 1536w, https:\/\/ic-konferencije.eu\/wp-content\/uploads\/2023\/01\/Slika-2-18x12.jpg 18w\" sizes=\"(max-width: 2000px) 100vw, 2000px\" \/>\t\t\t\t\t\t\t\t\t\t\t\t\t\t\t<\/div>\n\t\t\t\t<\/div>\n\t\t\t\t<div class=\"elementor-element elementor-element-a6ad248 elementor-widget elementor-widget-text-editor\" data-id=\"a6ad248\" data-element_type=\"widget\" data-e-type=\"widget\" data-widget_type=\"text-editor.default\">\n\t\t\t\t<div class=\"elementor-widget-container\">\n\t\t\t\t\t\t\t\t\t<p><span style=\"font-weight: 400;\">Rad s obitelji i roditeljima<\/span><\/p><p><span style=\"font-weight: 400;\">Svjedo\u010dimo razvoju i korisnosti brojnih terapijskih metoda kojima utje\u010demo na razvoj vje\u0161tina i sposobnosti djeteta s te\u0161ko\u0107ama u razvoju no poznato je kako odnos izme\u0111u djeteta i stru\u010dnjaka mo\u017ee biti va\u017ean prediktor uspje\u0161nosti terapije ili obrazovnog programa, bez obzira na odabranu metodu rada. Odnos koji je za dijete ipak najva\u017eniji jest onaj izme\u0111u njega i roditelja, odnosno primarnih skrbnika i ostalih \u010dlanova obitelji koji \u010dine djetetovu svakodnevnicu. Sve vi\u0161e stru\u010dnjaka uvi\u0111a kako rad s djetetom s te\u0161ko\u0107ama podrazumijeva i rad s roditeljima \u0161to se mo\u017ee odnositi ne samo na edukaciju roditelja o svakodnevnim postupanjima ve\u0107 i na pru\u017eanje psihosocijalne pomo\u0107i u vidu usvajanja mehanizama no\u0161enja sa stresom. Na koji na\u010din stru\u010dnjaci uklju\u010duju roditelje i obitelji u terapijski tretman djeteta s te\u0161ko\u0107ama u razvoju, na koji na\u010din uklju\u010duju komponentu obiteljske dinamike u kreiranje plana i programa za dijete te koji su na\u010dini pru\u017eanja psihosocijalne podr\u0161ke obiteljima djece s te\u0161ko\u0107ama u razvoju biti \u0107e neke tema ovogodi\u0161nje konferencije.<\/span><\/p>\t\t\t\t\t\t\t\t<\/div>\n\t\t\t\t<\/div>\n\t\t\t\t<div class=\"elementor-element elementor-element-c5ee838 elementor-widget elementor-widget-image\" data-id=\"c5ee838\" data-element_type=\"widget\" data-e-type=\"widget\" data-widget_type=\"image.default\">\n\t\t\t\t<div class=\"elementor-widget-container\">\n\t\t\t\t\t\t\t\t\t\t\t\t\t\t\t<img decoding=\"async\" width=\"2459\" height=\"1641\" src=\"https:\/\/ic-konferencije.eu\/wp-content\/uploads\/2023\/01\/Slika-3.jpg\" class=\"attachment-full size-full wp-image-3051\" alt=\"\" srcset=\"https:\/\/ic-konferencije.eu\/wp-content\/uploads\/2023\/01\/Slika-3.jpg 2459w, https:\/\/ic-konferencije.eu\/wp-content\/uploads\/2023\/01\/Slika-3-300x200.jpg 300w, https:\/\/ic-konferencije.eu\/wp-content\/uploads\/2023\/01\/Slika-3-1024x683.jpg 1024w, https:\/\/ic-konferencije.eu\/wp-content\/uploads\/2023\/01\/Slika-3-768x513.jpg 768w, https:\/\/ic-konferencije.eu\/wp-content\/uploads\/2023\/01\/Slika-3-1536x1025.jpg 1536w, https:\/\/ic-konferencije.eu\/wp-content\/uploads\/2023\/01\/Slika-3-2048x1367.jpg 2048w, https:\/\/ic-konferencije.eu\/wp-content\/uploads\/2023\/01\/Slika-3-18x12.jpg 18w\" sizes=\"(max-width: 2459px) 100vw, 2459px\" \/>\t\t\t\t\t\t\t\t\t\t\t\t\t\t\t<\/div>\n\t\t\t\t<\/div>\n\t\t\t\t<div class=\"elementor-element elementor-element-e9080ed elementor-widget elementor-widget-text-editor\" data-id=\"e9080ed\" data-element_type=\"widget\" data-e-type=\"widget\" data-widget_type=\"text-editor.default\">\n\t\t\t\t<div class=\"elementor-widget-container\">\n\t\t\t\t\t\t\t\t\t<p>Prikaz prakse organizacija iz razli\u010ditih lokalnih zajednica<\/p><p>Osje\u0107aj sigurnosti va\u017ean je svakoj obitelji djeteta s te\u0161ko\u0107ama u razvoju. On nerijetko izostaje odmah na samom po\u010detku spoznavanja da je djetetu potrebna dodatna podr\u0161ka i druga\u010diji pristup njegovom razvoju. Obitelji djece s te\u0161ko\u0107ama u razvoju u potrazi za terapijskim uslugama i edukacijom fokus naj\u010de\u0161\u0107e usmjeravaju na ve\u0107e gradove gdje se uglavnom i obavlja inicijalna dijagnostika te u kojima njihovo dijete mo\u017ee dobiti odgovaraju\u0107u podr\u0161ku koja mu je potrebna. Takva se usmjerenost ponekad obrazla\u017ee nedostatnom podr\u0161kom unutar vlastite lokalne zajednice koja, iako mo\u017ee izostati, \u010desto je odraz centralizacije usluga te nedovoljne informiranosti i svjesnosti o postoje\u0107im uslugama u zajednici. Iako \u010dinjenice ukazuju da bi dostupnih usluga u lokalnim zajednicama trebalo biti vi\u0161e, postoji veliki broj kvalitetnih pru\u017eatelja usluga za djecu s te\u0161ko\u0107ama u razvoju i njihove obitelji. Zato jednu od tematskih podru\u010dja ove konferencije posve\u0107ujemo upravo njima. U sklopu ovog tematskog podru\u010dja pozivamo stru\u010dnjake da predstave svoje organizacije i praksu te na\u010dine provo\u0111enja svojih usluga za djecu s te\u0161ko\u0107ama u razvoju.<\/p>\t\t\t\t\t\t\t\t<\/div>\n\t\t\t\t<\/div>\n\t\t\t\t\t<\/div>\n\t\t<\/div>\n\t\t\t\t\t<\/div>\n\t\t<\/section>\n\t\t\t\t\t<\/div>\n\t\t<\/div>\n\t\t\t\t<div class=\"elementor-column elementor-col-50 elementor-top-column elementor-element elementor-element-bf8aeb5\" data-id=\"bf8aeb5\" data-element_type=\"column\" data-e-type=\"column\">\n\t\t\t<div class=\"elementor-widget-wrap elementor-element-populated\">\n\t\t\t\t\t\t\t<\/div>\n\t\t<\/div>\n\t\t\t\t\t<\/div>\n\t\t<\/section>\n\t\t\t\t<\/div>","protected":false},"excerpt":{"rendered":"<p>O KONFERENCIJI Me\u0111unarodnu konferenciju Inovativne metode i pristupi u radu s djecom s te\u0161ko\u0107ama u razvoju organizira Dje\u010dji kreativni centar DOKKICA u okviru projekta Razvoj inovativnih socijalnih usluga \u2013 Integrativni centar za savjetovanje i podr\u0161ku koji se provodi u partnerstvu s Gradom Osijekom i Op\u0107inom Ernestivnovo. Razlozi organiziranja konferencije Me\u0111unarodnom konferencijom Inovativne metode i pristupi [&hellip;]<\/p>\n","protected":false},"author":1,"featured_media":0,"parent":0,"menu_order":0,"comment_status":"closed","ping_status":"closed","template":"","meta":{"site-sidebar-layout":"no-sidebar","site-content-layout":"page-builder","ast-site-content-layout":"default","site-content-style":"default","site-sidebar-style":"default","ast-global-header-display":"","ast-banner-title-visibility":"","ast-main-header-display":"","ast-hfb-above-header-display":"","ast-hfb-below-header-display":"","ast-hfb-mobile-header-display":"","site-post-title":"disabled","ast-breadcrumbs-content":"","ast-featured-img":"disabled","footer-sml-layout":"","ast-disable-related-posts":"","theme-transparent-header-meta":"default","adv-header-id-meta":"","stick-header-meta":"","header-above-stick-meta":"","header-main-stick-meta":"","header-below-stick-meta":"","astra-migrate-meta-layouts":"default","ast-page-background-enabled":"default","ast-page-background-meta":{"desktop":{"background-color":"","background-image":"","background-repeat":"repeat","background-position":"center center","background-size":"auto","background-attachment":"scroll","background-type":"","background-media":"","overlay-type":"","overlay-color":"","overlay-opacity":"","overlay-gradient":""},"tablet":{"background-color":"","background-image":"","background-repeat":"repeat","background-position":"center center","background-size":"auto","background-attachment":"scroll","background-type":"","background-media":"","overlay-type":"","overlay-color":"","overlay-opacity":"","overlay-gradient":""},"mobile":{"background-color":"","background-image":"","background-repeat":"repeat","background-position":"center center","background-size":"auto","background-attachment":"scroll","background-type":"","background-media":"","overlay-type":"","overlay-color":"","overlay-opacity":"","overlay-gradient":""}},"ast-content-background-meta":{"desktop":{"background-color":"var(--ast-global-color-5)","background-image":"","background-repeat":"repeat","background-position":"center center","background-size":"auto","background-attachment":"scroll","background-type":"","background-media":"","overlay-type":"","overlay-color":"","overlay-opacity":"","overlay-gradient":""},"tablet":{"background-color":"var(--ast-global-color-5)","background-image":"","background-repeat":"repeat","background-position":"center center","background-size":"auto","background-attachment":"scroll","background-type":"","background-media":"","overlay-type":"","overlay-color":"","overlay-opacity":"","overlay-gradient":""},"mobile":{"background-color":"var(--ast-global-color-5)","background-image":"","background-repeat":"repeat","background-position":"center center","background-size":"auto","background-attachment":"scroll","background-type":"","background-media":"","overlay-type":"","overlay-color":"","overlay-opacity":"","overlay-gradient":""}},"footnotes":""},"class_list":["post-1228","page","type-page","status-publish","hentry"],"_links":{"self":[{"href":"https:\/\/ic-konferencije.eu\/en\/wp-json\/wp\/v2\/pages\/1228","targetHints":{"allow":["GET"]}}],"collection":[{"href":"https:\/\/ic-konferencije.eu\/en\/wp-json\/wp\/v2\/pages"}],"about":[{"href":"https:\/\/ic-konferencije.eu\/en\/wp-json\/wp\/v2\/types\/page"}],"author":[{"embeddable":true,"href":"https:\/\/ic-konferencije.eu\/en\/wp-json\/wp\/v2\/users\/1"}],"replies":[{"embeddable":true,"href":"https:\/\/ic-konferencije.eu\/en\/wp-json\/wp\/v2\/comments?post=1228"}],"version-history":[{"count":97,"href":"https:\/\/ic-konferencije.eu\/en\/wp-json\/wp\/v2\/pages\/1228\/revisions"}],"predecessor-version":[{"id":3074,"href":"https:\/\/ic-konferencije.eu\/en\/wp-json\/wp\/v2\/pages\/1228\/revisions\/3074"}],"wp:attachment":[{"href":"https:\/\/ic-konferencije.eu\/en\/wp-json\/wp\/v2\/media?parent=1228"}],"curies":[{"name":"wp","href":"https:\/\/api.w.org\/{rel}","templated":true}]}}