{"id":2687,"date":"2022-03-20T21:46:00","date_gmt":"2022-03-20T21:46:00","guid":{"rendered":"https:\/\/ic-konferencije.eu\/?page_id=2687"},"modified":"2022-03-20T22:02:35","modified_gmt":"2022-03-20T22:02:35","slug":"glavni-partner","status":"publish","type":"page","link":"https:\/\/ic-konferencije.eu\/en\/glavni-partner\/","title":{"rendered":"Partner konferencije"},"content":{"rendered":"<div data-elementor-type=\"wp-post\" data-elementor-id=\"2687\" class=\"elementor elementor-2687\">\n\t\t\t\t\t\t<section class=\"elementor-section elementor-top-section elementor-element elementor-element-77ccb31 elementor-section-height-min-height elementor-section-boxed elementor-section-height-default elementor-section-items-middle\" data-id=\"77ccb31\" data-element_type=\"section\" data-e-type=\"section\" data-settings=\"{&quot;background_background&quot;:&quot;classic&quot;}\">\n\t\t\t\t\t\t\t<div class=\"elementor-background-overlay\"><\/div>\n\t\t\t\t\t\t\t<div class=\"elementor-container elementor-column-gap-default\">\n\t\t\t\t\t<div class=\"elementor-column elementor-col-100 elementor-top-column elementor-element elementor-element-c6408c8 envato-kit-62-home\" data-id=\"c6408c8\" data-element_type=\"column\" data-e-type=\"column\" data-settings=\"{&quot;background_background&quot;:&quot;classic&quot;}\">\n\t\t\t<div class=\"elementor-widget-wrap elementor-element-populated\">\n\t\t\t\t\t\t<div class=\"elementor-element elementor-element-de72c4a elementor-widget elementor-widget-heading\" data-id=\"de72c4a\" data-element_type=\"widget\" data-e-type=\"widget\" data-widget_type=\"heading.default\">\n\t\t\t\t<div class=\"elementor-widget-container\">\n\t\t\t\t\t<h1 class=\"elementor-heading-title elementor-size-default\">CONFERENCE PARTNER<\/h1>\t\t\t\t<\/div>\n\t\t\t\t<\/div>\n\t\t\t\t\t<\/div>\n\t\t<\/div>\n\t\t\t\t\t<\/div>\n\t\t<\/section>\n\t\t\t\t<section class=\"elementor-section elementor-top-section elementor-element elementor-element-143eb98 elementor-section-full_width elementor-section-height-default elementor-section-height-default\" data-id=\"143eb98\" data-element_type=\"section\" data-e-type=\"section\">\n\t\t\t\t\t\t<div class=\"elementor-container elementor-column-gap-default\">\n\t\t\t\t\t<div class=\"elementor-column elementor-col-50 elementor-top-column elementor-element elementor-element-0d74496\" data-id=\"0d74496\" data-element_type=\"column\" data-e-type=\"column\">\n\t\t\t<div class=\"elementor-widget-wrap elementor-element-populated\">\n\t\t\t\t\t\t<section class=\"elementor-section elementor-inner-section elementor-element elementor-element-3a3435a elementor-section-full_width elementor-section-height-default elementor-section-height-default\" data-id=\"3a3435a\" data-element_type=\"section\" data-e-type=\"section\">\n\t\t\t\t\t\t<div class=\"elementor-container elementor-column-gap-default\">\n\t\t\t\t\t<div class=\"elementor-column elementor-col-100 elementor-inner-column elementor-element elementor-element-9f10c15\" data-id=\"9f10c15\" data-element_type=\"column\" data-e-type=\"column\">\n\t\t\t<div class=\"elementor-widget-wrap elementor-element-populated\">\n\t\t\t\t\t\t<div class=\"elementor-element elementor-element-dc07422 elementor-position-top elementor-widget elementor-widget-image-box\" data-id=\"dc07422\" data-element_type=\"widget\" data-e-type=\"widget\" data-widget_type=\"image-box.default\">\n\t\t\t\t<div class=\"elementor-widget-container\">\n\t\t\t\t\t<div class=\"elementor-image-box-wrapper\"><figure class=\"elementor-image-box-img\"><a href=\"https:\/\/www.ffos.unios.hr\/en\/\" target=\"_blank\" tabindex=\"-1\"><img decoding=\"async\" width=\"475\" height=\"96\" src=\"https:\/\/ic-konferencije.eu\/wp-content\/uploads\/2022\/02\/FFOS-logo.png\" class=\"attachment-full size-full wp-image-1988\" alt=\"\" srcset=\"https:\/\/ic-konferencije.eu\/wp-content\/uploads\/2022\/02\/FFOS-logo.png 475w, https:\/\/ic-konferencije.eu\/wp-content\/uploads\/2022\/02\/FFOS-logo-300x61.png 300w, https:\/\/ic-konferencije.eu\/wp-content\/uploads\/2022\/02\/FFOS-logo-18x4.png 18w\" sizes=\"(max-width: 475px) 100vw, 475px\" \/><\/a><\/figure><div class=\"elementor-image-box-content\"><h3 class=\"elementor-image-box-title\"><a href=\"https:\/\/www.ffos.unios.hr\/en\/\" target=\"_blank\">Filozofski fakultet Sveu\u010dili\u0161ta J.J.Strossmayera u Osijeku<\/a><\/h3><\/div><\/div>\t\t\t\t<\/div>\n\t\t\t\t<\/div>\n\t\t\t\t<div class=\"elementor-element elementor-element-6c87d4d elementor-widget elementor-widget-text-editor\" data-id=\"6c87d4d\" data-element_type=\"widget\" data-e-type=\"widget\" data-widget_type=\"text-editor.default\">\n\t\t\t\t<div class=\"elementor-widget-container\">\n\t\t\t\t\t\t\t\t\t<p>Filozofski fakultet Sveu\u010dili\u0161ta J.J.Strossmayera u Osijeku glavni je partner konferencije <i>Innovative methods and approaches in working with children with SEND<\/i>. \u00a0Fakultet djeluje s vizijom stvaranja novih znanja i stru\u010dnjaka iz humanisti\u010dkih i dru\u0161tvenih znanosti. U svom radu povezuju tradiciju i inovativnost, kvalitetu i odgovornost te razvijaju partnerske odnose. Fakultet vrlo uspje\u0161no sura\u0111uje sa zajednicom uklju\u010duju\u0107i brojne ustanove, agencije, udruge i klubove u kojima studenti stje\u010du dodatna prakti\u010dna znanja i sposobnosti. U organizaciji su Fakulteta i brojni znanstveni i stru\u010dni skupovi, a nastavnici pridonose i popularizaciji znanosti (npr. Otvoreni \u010detvrtak).\u00a0<\/p><p>Veliki doprinos Filozofskog fakulteta u Osijeku u provedbi konferencije ogleda se u sudjelovanju izv. prof. dr. sc. Renate Juki\u0107 kao \u010dlanice Programskog odbora. Dodatno, Fakultet \u0107e osigurati potrebnu logisti\u010dku i tehni\u010dku podr\u0161ku za provedbu konferencije te \u0107e stru\u010dnjaci iz lokalne zajednice istu mo\u0107i pratiti u\u017eivo iz male sve\u010dane dvorane Filozofskog fakulteta.\u00a0 Zahvaljuju\u0107i njihovoj podr\u0161ci, prof. dr. sc. Marija Omazi\u0107 i Jelena Pataki sudjelovat \u0107e u simultanom prevo\u0111enju plenarnih predavanja konferencije \u010dime \u0107e se omogu\u0107iti\u00a0 pra\u0107enje predavanja pasivnim sudionicima iz Hrvatske i inozemstva. U svrhu povezivanja znanosti i struke te u\u010denja i prakse, Odsjek za engleski jezik i knji\u017eevnost sudjeluje u prevo\u0111enju slu\u017ebenih dokumenata i materijala konferencije.<\/p>\t\t\t\t\t\t\t\t<\/div>\n\t\t\t\t<\/div>\n\t\t\t\t\t<\/div>\n\t\t<\/div>\n\t\t\t\t\t<\/div>\n\t\t<\/section>\n\t\t\t\t\t<\/div>\n\t\t<\/div>\n\t\t\t\t<div class=\"elementor-column elementor-col-50 elementor-top-column elementor-element elementor-element-bf8aeb5\" data-id=\"bf8aeb5\" data-element_type=\"column\" data-e-type=\"column\">\n\t\t\t<div class=\"elementor-widget-wrap elementor-element-populated\">\n\t\t\t\t\t\t\t<\/div>\n\t\t<\/div>\n\t\t\t\t\t<\/div>\n\t\t<\/section>\n\t\t\t\t<\/div>","protected":false},"excerpt":{"rendered":"<p>PARTNER KONFERENCIJE Filozofski fakultet Sveu\u010dili\u0161ta J.J.Strossmayera u Osijeku Filozofski fakultet Sveu\u010dili\u0161ta J.J.Strossmayera u Osijeku glavni je partner konferencije Inovativne metode i pristupi u radu s djecom s te\u0161ko\u0107ama u razvoju. &nbsp;Fakultet djeluje s vizijom stvaranja novih znanja i stru\u010dnjaka iz humanisti\u010dkih i dru\u0161tvenih znanosti. U svom radu povezuju tradiciju i inovativnost, kvalitetu i odgovornost te [&hellip;]<\/p>\n","protected":false},"author":1,"featured_media":0,"parent":0,"menu_order":0,"comment_status":"closed","ping_status":"closed","template":"","meta":{"site-sidebar-layout":"no-sidebar","site-content-layout":"page-builder","ast-site-content-layout":"default","site-content-style":"default","site-sidebar-style":"default","ast-global-header-display":"","ast-banner-title-visibility":"","ast-main-header-display":"","ast-hfb-above-header-display":"","ast-hfb-below-header-display":"","ast-hfb-mobile-header-display":"","site-post-title":"disabled","ast-breadcrumbs-content":"","ast-featured-img":"disabled","footer-sml-layout":"","ast-disable-related-posts":"","theme-transparent-header-meta":"default","adv-header-id-meta":"","stick-header-meta":"","header-above-stick-meta":"","header-main-stick-meta":"","header-below-stick-meta":"","astra-migrate-meta-layouts":"default","ast-page-background-enabled":"default","ast-page-background-meta":{"desktop":{"background-color":"","background-image":"","background-repeat":"repeat","background-position":"center center","background-size":"auto","background-attachment":"scroll","background-type":"","background-media":"","overlay-type":"","overlay-color":"","overlay-opacity":"","overlay-gradient":""},"tablet":{"background-color":"","background-image":"","background-repeat":"repeat","background-position":"center center","background-size":"auto","background-attachment":"scroll","background-type":"","background-media":"","overlay-type":"","overlay-color":"","overlay-opacity":"","overlay-gradient":""},"mobile":{"background-color":"","background-image":"","background-repeat":"repeat","background-position":"center center","background-size":"auto","background-attachment":"scroll","background-type":"","background-media":"","overlay-type":"","overlay-color":"","overlay-opacity":"","overlay-gradient":""}},"ast-content-background-meta":{"desktop":{"background-color":"var(--ast-global-color-5)","background-image":"","background-repeat":"repeat","background-position":"center center","background-size":"auto","background-attachment":"scroll","background-type":"","background-media":"","overlay-type":"","overlay-color":"","overlay-opacity":"","overlay-gradient":""},"tablet":{"background-color":"var(--ast-global-color-5)","background-image":"","background-repeat":"repeat","background-position":"center center","background-size":"auto","background-attachment":"scroll","background-type":"","background-media":"","overlay-type":"","overlay-color":"","overlay-opacity":"","overlay-gradient":""},"mobile":{"background-color":"var(--ast-global-color-5)","background-image":"","background-repeat":"repeat","background-position":"center center","background-size":"auto","background-attachment":"scroll","background-type":"","background-media":"","overlay-type":"","overlay-color":"","overlay-opacity":"","overlay-gradient":""}},"footnotes":""},"class_list":["post-2687","page","type-page","status-publish","hentry"],"_links":{"self":[{"href":"https:\/\/ic-konferencije.eu\/en\/wp-json\/wp\/v2\/pages\/2687","targetHints":{"allow":["GET"]}}],"collection":[{"href":"https:\/\/ic-konferencije.eu\/en\/wp-json\/wp\/v2\/pages"}],"about":[{"href":"https:\/\/ic-konferencije.eu\/en\/wp-json\/wp\/v2\/types\/page"}],"author":[{"embeddable":true,"href":"https:\/\/ic-konferencije.eu\/en\/wp-json\/wp\/v2\/users\/1"}],"replies":[{"embeddable":true,"href":"https:\/\/ic-konferencije.eu\/en\/wp-json\/wp\/v2\/comments?post=2687"}],"version-history":[{"count":20,"href":"https:\/\/ic-konferencije.eu\/en\/wp-json\/wp\/v2\/pages\/2687\/revisions"}],"predecessor-version":[{"id":2710,"href":"https:\/\/ic-konferencije.eu\/en\/wp-json\/wp\/v2\/pages\/2687\/revisions\/2710"}],"wp:attachment":[{"href":"https:\/\/ic-konferencije.eu\/en\/wp-json\/wp\/v2\/media?parent=2687"}],"curies":[{"name":"wp","href":"https:\/\/api.w.org\/{rel}","templated":true}]}}