{"id":2858,"date":"2023-01-24T14:19:33","date_gmt":"2023-01-24T14:19:33","guid":{"rendered":"https:\/\/ic-konferencije.eu\/?page_id=2858"},"modified":"2023-06-10T22:23:23","modified_gmt":"2023-06-10T22:23:23","slug":"prijava-aktivni-sudionik","status":"publish","type":"page","link":"https:\/\/ic-konferencije.eu\/en\/prijava-aktivni-sudionik\/","title":{"rendered":"Prijava aktivni sudionik"},"content":{"rendered":"<div data-elementor-type=\"wp-post\" data-elementor-id=\"2858\" class=\"elementor elementor-2858\">\n\t\t\t\t\t\t<section class=\"elementor-section elementor-top-section elementor-element elementor-element-77ccb31 elementor-section-height-min-height elementor-section-boxed elementor-section-height-default elementor-section-items-middle\" data-id=\"77ccb31\" data-element_type=\"section\" data-e-type=\"section\" data-settings=\"{&quot;background_background&quot;:&quot;classic&quot;}\">\n\t\t\t\t\t\t\t<div class=\"elementor-background-overlay\"><\/div>\n\t\t\t\t\t\t\t<div class=\"elementor-container elementor-column-gap-default\">\n\t\t\t\t\t<div class=\"elementor-column elementor-col-100 elementor-top-column elementor-element elementor-element-c6408c8 envato-kit-62-home\" data-id=\"c6408c8\" data-element_type=\"column\" data-e-type=\"column\" data-settings=\"{&quot;background_background&quot;:&quot;classic&quot;}\">\n\t\t\t<div class=\"elementor-widget-wrap elementor-element-populated\">\n\t\t\t\t\t\t<div class=\"elementor-element elementor-element-de72c4a elementor-widget elementor-widget-heading\" data-id=\"de72c4a\" data-element_type=\"widget\" data-e-type=\"widget\" data-widget_type=\"heading.default\">\n\t\t\t\t<div class=\"elementor-widget-container\">\n\t\t\t\t\t<h1 class=\"elementor-heading-title elementor-size-default\">Application \u2013 Speakers<\/h1>\t\t\t\t<\/div>\n\t\t\t\t<\/div>\n\t\t\t\t<div class=\"elementor-element elementor-element-bc6d1c1 elementor-widget elementor-widget-heading\" data-id=\"bc6d1c1\" data-element_type=\"widget\" data-e-type=\"widget\" data-widget_type=\"heading.default\">\n\t\t\t\t<div class=\"elementor-widget-container\">\n\t\t\t\t\t<p class=\"elementor-heading-title elementor-size-default\">(Prijave za aktivne sudionike zatvorene)<\/p>\t\t\t\t<\/div>\n\t\t\t\t<\/div>\n\t\t\t\t\t<\/div>\n\t\t<\/div>\n\t\t\t\t\t<\/div>\n\t\t<\/section>\n\t\t\t\t<section class=\"elementor-section elementor-top-section elementor-element elementor-element-9891372 elementor-section-full_width elementor-section-height-default elementor-section-height-default\" data-id=\"9891372\" data-element_type=\"section\" data-e-type=\"section\">\n\t\t\t\t\t\t<div class=\"elementor-container elementor-column-gap-default\">\n\t\t\t\t\t<div class=\"elementor-column elementor-col-50 elementor-top-column elementor-element elementor-element-da5b6e8\" data-id=\"da5b6e8\" data-element_type=\"column\" data-e-type=\"column\">\n\t\t\t<div class=\"elementor-widget-wrap elementor-element-populated\">\n\t\t\t\t\t\t<div class=\"elementor-element elementor-element-cebb1ac elementor-widget elementor-widget-text-editor\" data-id=\"cebb1ac\" data-element_type=\"widget\" data-e-type=\"widget\" data-widget_type=\"text-editor.default\">\n\t\t\t\t<div class=\"elementor-widget-container\">\n\t\t\t\t\t\t\t\t\t<p>U dana\u0161nje vrijeme stru\u010dnjaci te\u017ee implementirati i kombinirati nove pristupe s postoje\u0107im metodama u radu s djecom s te\u0161ko\u0107ama u razvoju kako bi njima i njihovim obiteljima pru\u017eili adekvatnu podr\u0161ku. S obzirom na brojna istra\u017eivanja koja dokazuju utjecaj razli\u010ditih metoda u praksi, prepoznata je potreba za multidisciplinarnim pristupom u razmjeni znanja i strate\u0161kom planiranju rada s djecom s te\u0161ko\u0107ama u razvoju i njihovim obiteljima.<\/p><p>U cilju razvijanja dijaloga me\u0111u stru\u010dnjacima iz razli\u010ditih podru\u010dja, glavni fokus ove konferencije su inovativne metode i pristupi radu s djecom s te\u0161ko\u0107ama u razvoju i njihovim obiteljima.<\/p><p><strong>Tematska podru\u010dja konferencije<\/strong><\/p><p>Ove \u0107e se godine tematska podru\u010dja konferencije usmjeriti na rad s obitelji i roditeljima djece s te\u0161ko\u0107ama u razvoju te na prikaz praksi, metoda i na\u010dina rada razli\u010ditih organizacija koje djeluju u zajednicama poput vrti\u0107a, \u0161kola, udruga, centara i mnogih drugih, iz razli\u010ditih dijelova Hrvatske.<\/p><ul><li>Rad s obitelji i roditeljima<\/li><\/ul><p>Svjedo\u010dimo razvoju i korisnosti brojnih terapijskih metoda kojima utje\u010demo na razvoj vje\u0161tina i sposobnosti djeteta s te\u0161ko\u0107ama u razvoju no poznato je kako odnos izme\u0111u djeteta i stru\u010dnjaka mo\u017ee biti va\u017ean prediktor uspje\u0161nosti terapije ili obrazovnog programa, bez obzira na odabranu metodu rada. Odnos koji je za dijete ipak najva\u017eniji jest onaj izme\u0111u njega i roditelja, odnosno primarnih skrbnika i ostalih \u010dlanova obitelji koji \u010dine djetetovu svakodnevnicu. Sve vi\u0161e stru\u010dnjaka uvi\u0111a kako rad s djetetom s te\u0161ko\u0107ama podrazumijeva i rad s roditeljima \u0161to se mo\u017ee odnositi ne samo na edukaciju roditelja o svakodnevnim postupanjima ve\u0107 i na pru\u017eanje psihosocijalne pomo\u0107i u vidu usvajanja mehanizama no\u0161enja sa stresom. Na koji na\u010din stru\u010dnjaci uklju\u010duju roditelje i obitelji u terapijski tretman djeteta s te\u0161ko\u0107ama u razvoju, na koji na\u010din uklju\u010duju komponentu obiteljske dinamike u kreiranje plana i programa za dijete te koji su na\u010dini pru\u017eanja psihosocijalne podr\u0161ke obiteljima djece s te\u0161ko\u0107ama u razvoju biti \u0107e neke tema ovogodi\u0161nje konferencije.<\/p><ul><li>Prikaz prakse organizacija iz razli\u010ditih lokalnih zajednica<\/li><\/ul><p>Osje\u0107aj sigurnosti va\u017ean je svakoj obitelji djeteta s te\u0161ko\u0107ama u razvoju. On nerijetko izostaje odmah na samom po\u010detku spoznavanja da je djetetu potrebna dodatna podr\u0161ka i druga\u010diji pristup njegovom razvoju. Obitelji djece s te\u0161ko\u0107ama u razvoju u potrazi za terapijskim uslugama i edukacijom fokus naj\u010de\u0161\u0107e usmjeravaju na ve\u0107e gradove gdje se uglavnom i obavlja inicijalna dijagnostika te u kojima njihovo dijete mo\u017ee dobiti odgovaraju\u0107u podr\u0161ku koja mu je potrebna. Takva se usmjerenost ponekad obrazla\u017ee nedostatnom podr\u0161kom unutar vlastite lokalne zajednice koja, iako mo\u017ee izostati, \u010desto je odraz centralizacije usluga te nedovoljne informiranosti i svjesnosti o postoje\u0107im uslugama u zajednici. Iako \u010dinjenice ukazuju da bi dostupnih usluga u lokalnim zajednicama trebalo biti vi\u0161e, postoji veliki broj kvalitetnih pru\u017eatelja usluga za djecu s te\u0161ko\u0107ama u razvoju i njihove obitelji. Zato jednu od tematskih podru\u010dja ove konferencije posve\u0107ujemo upravo njima. U sklopu ovog tematskog podru\u010dja pozivamo stru\u010dnjake da predstave svoje organizacije i praksu te na\u010dine provo\u0111enja svojih usluga za djecu s te\u0161ko\u0107ama u razvoju.<\/p><p>Are you working with children with SEND in a research or professional capacity? Do you want to share your knowledge and experience with others? Feel free to send us a proposal for your presentation at the <em>online<\/em> conference <em>Innovative methods and approaches in working with children with SEND<\/em> by filling out the form below.<\/p><p>Va\u0161 rad mo\u017eete izlo\u017eiti u <strong>obliku predavanja na konferenciji ili u obliku postera<\/strong> koji \u0107e biti objavljen na mre\u017enoj stranici konferencije u sklopu poster sekcije.<\/p><p><span style=\"color: #ff0000;\"><strong>No registration fee is required for speakers at the conference.<\/strong><\/span><\/p><p><strong>Instructions for submitting the abstract<\/strong><\/p><p>Sa\u017eetak se dostavlja na engleskom i hrvatskom jeziku. Sadr\u017ei do 300 rije\u010di teksta bez tablica i grafikona. Treba sadr\u017eavati 3-5 klju\u010dnih rije\u010di. Sa\u017eeci koji jezi\u010dno zna\u010dajno odstupaju od standarda odabranog jezika ne\u0107e biti uklju\u010deni u postupak recenzije.<\/p><p><strong>Sa\u017eetak treba sadr\u017eavati:<\/strong><\/p><ol><li>A brief description of the problem (or current situation in practice) that motivated you<\/li><li>The purpose or goal of your work, project or research<\/li><li>Opis metode, pristupa ili kombinacije razli\u010ditih ideja kojom se do\u0161lo do rezultata (u praksi ili istra\u017eivanju)<\/li><li>Your observations, results and \/ or feedback from users and families<\/li><li>Your advice or contribution to practice<\/li><\/ol><p>Sa\u017eetak, u slu\u010daju izvornog istra\u017eivanja, treba biti strukturiran i uklju\u010divati sljede\u0107e: <strong>Opis problema (uvod), metode, rezultate, raspravu i zaklju\u010dak<\/strong>.<\/p><p><strong>Tehni\u010dke upute za izradu postera:<\/strong><\/p><p>Poster mora sadr\u017eavati:<\/p><ul><li>naslov rada<\/li><li>sa\u017eetak<\/li><li>klju\u010dne rije\u010di<\/li><li>ime i prezime svih autora<\/li><li>naziv organizacije iz koje dolazite<\/li><\/ul><p>Poster mo\u017ee biti izra\u0111en u bilo kojem programu za grafi\u010dki dizajn i oblikovanje (Canva, Corel, Adobe Illustrator i sl.) te dostavljen <strong>u pdf. obliku<\/strong>. Molimo da koristite fontove kompatibilne na PC i Mac operativnim sustavima (Arial, Courier New, Georgia, Helvetica, Times, Times New Roman\u2026). Dimenzije postera moraju biti u pejza\u017enom formatu (16:9) ne manje od 1920\u00d71080 piksela. Veli\u010dina datoteke mora biti manja od 10 MB. Ukoliko autor \u017eeli, na posteru mo\u017ee objaviti svoju e- mail adresu kako bi ga sudinici konferenciji mogli kontaktirati u slu\u010daju dodatnih pitanja.<\/p><p><strong>Na konferenciji nije predvi\u0111eno poster izlaganje.<\/strong> Predajom svog postera pristajete na njegovu objavu na mre\u017enoj stranici konferencije gde \u0107e sudionici konferencije i drugi posjetitelji mre\u017ene stranice poster mo\u0107i <strong>pogledati i preuzeti<\/strong> sa stranice. Posteri \u0107e biti objavljeni na dan konferencije te \u0107e biti izlo\u017eeni 7 dana nakon konferencije.<\/p><p><strong>Tehni\u010dke upute za izradu prezentacije:<\/strong><\/p><p>Prezentacija mora sadr\u017eavati:<\/p><ul><li>naslov rada<\/li><li>ime i prezime svih autora<\/li><li>naziv organizacije iz koje dolazite<\/li><\/ul><p>Broj stranica\/slajdova prezentacije nije ograni\u010den. Molimo da koristite fontove kompatibilne na PC i Mac operativnim sustavima (Arial, Courier New, Georgia, Helvetica, Times, Times New Roman\u2026). <strong>Predvi\u0111eno trajanje izlaganja prezentacije je 10 minuta.<\/strong><\/p><p>Sa\u017eeci radova aktivnih izlaga\u010da bit \u0107e objavljeni u Hrvatskom \u010dasopisu za javno zdravstvo.<\/p>\t\t\t\t\t\t\t\t<\/div>\n\t\t\t\t<\/div>\n\t\t\t\t<div class=\"elementor-element elementor-element-e03781c elementor-icon-list--layout-traditional elementor-list-item-link-full_width elementor-widget elementor-widget-icon-list\" data-id=\"e03781c\" data-element_type=\"widget\" data-e-type=\"widget\" data-widget_type=\"icon-list.default\">\n\t\t\t\t<div class=\"elementor-widget-container\">\n\t\t\t\t\t\t\t<ul class=\"elementor-icon-list-items\">\n\t\t\t\t\t\t\t<li class=\"elementor-icon-list-item\">\n\t\t\t\t\t\t\t\t\t\t\t<span class=\"elementor-icon-list-icon\">\n\t\t\t\t\t\t\t<i aria-hidden=\"true\" class=\"far fa-calendar-check\"><\/i>\t\t\t\t\t\t<\/span>\n\t\t\t\t\t\t\t\t\t\t<span class=\"elementor-icon-list-text\"><strong>The final date for submission of the applications:<\/strong> 12.4.2023<\/span>\n\t\t\t\t\t\t\t\t\t<\/li>\n\t\t\t\t\t\t\t\t<li class=\"elementor-icon-list-item\">\n\t\t\t\t\t\t\t\t\t\t\t<span class=\"elementor-icon-list-icon\">\n\t\t\t\t\t\t\t<i aria-hidden=\"true\" class=\"far fa-calendar-check\"><\/i>\t\t\t\t\t\t<\/span>\n\t\t\t\t\t\t\t\t\t\t<span class=\"elementor-icon-list-text\"><strong>The date of the formal acceptance of active applications (selected by the Conference Program Committee):<\/strong> 5.5.2023<\/span>\n\t\t\t\t\t\t\t\t\t<\/li>\n\t\t\t\t\t\t\t\t<li class=\"elementor-icon-list-item\">\n\t\t\t\t\t\t\t\t\t\t\t<span class=\"elementor-icon-list-icon\">\n\t\t\t\t\t\t\t<i aria-hidden=\"true\" class=\"far fa-calendar-check\"><\/i>\t\t\t\t\t\t<\/span>\n\t\t\t\t\t\t\t\t\t\t<span class=\"elementor-icon-list-text\"><strong>Rok za dostavu postera:<\/strong> 5.6.2023<\/span>\n\t\t\t\t\t\t\t\t\t<\/li>\n\t\t\t\t\t\t\t\t<li class=\"elementor-icon-list-item\">\n\t\t\t\t\t\t\t\t\t\t\t<span class=\"elementor-icon-list-icon\">\n\t\t\t\t\t\t\t<i aria-hidden=\"true\" class=\"far fa-calendar-check\"><\/i>\t\t\t\t\t\t<\/span>\n\t\t\t\t\t\t\t\t\t\t<span class=\"elementor-icon-list-text\"><strong>The final date for submission of the presentation and any visual materials used:<\/strong> 5.6.2023<\/span>\n\t\t\t\t\t\t\t\t\t<\/li>\n\t\t\t\t\t\t<\/ul>\n\t\t\t\t\t\t<\/div>\n\t\t\t\t<\/div>\n\t\t\t\t<div class=\"elementor-element elementor-element-5eb5f1f elementor-widget elementor-widget-text-editor\" data-id=\"5eb5f1f\" data-element_type=\"widget\" data-e-type=\"widget\" data-widget_type=\"text-editor.default\">\n\t\t\t\t<div class=\"elementor-widget-container\">\n\t\t\t\t\t\t\t\t\t<p>If you have any further questions, please feel free to contact us via <em>e-mail<\/em>:<strong> info@ic-konferencije.eu <\/strong>or telephone number <strong>+385 31 782 454<\/strong>.<\/p>\t\t\t\t\t\t\t\t<\/div>\n\t\t\t\t<\/div>\n\t\t\t\t<div class=\"elementor-element elementor-element-80e9063 elementor-widget elementor-widget-heading\" data-id=\"80e9063\" data-element_type=\"widget\" data-e-type=\"widget\" data-widget_type=\"heading.default\">\n\t\t\t\t<div class=\"elementor-widget-container\">\n\t\t\t\t\t<p class=\"elementor-heading-title elementor-size-default\">Obrazac za prijavu<\/p>\t\t\t\t<\/div>\n\t\t\t\t<\/div>\n\t\t\t\t<div class=\"elementor-element elementor-element-bcbb8e3 elementor-widget elementor-widget-text-editor\" data-id=\"bcbb8e3\" data-element_type=\"widget\" data-e-type=\"widget\" data-widget_type=\"text-editor.default\">\n\t\t\t\t<div class=\"elementor-widget-container\">\n\t\t\t\t\t\t\t\t\t<p>(Zatvorene prijave za aktivne sudionike)<\/p>\t\t\t\t\t\t\t\t<\/div>\n\t\t\t\t<\/div>\n\t\t\t\t<div class=\"elementor-element elementor-element-5a11290 elementor-widget elementor-widget-text-editor\" data-id=\"5a11290\" data-element_type=\"widget\" data-e-type=\"widget\" data-widget_type=\"text-editor.default\">\n\t\t\t\t<div class=\"elementor-widget-container\">\n\t\t\t\t\t\t\t\t\t<p><em><strong>U slu\u010daju da Va\u0161a prijava za aktivno izlaganje ne bude prihva\u0107ena od strane Programskog odbora, isti \u0107e Vam ponuditi da svoj rad predstavite u obliku postera. Poster sekcija biti \u0107e objavljena na mre\u017enoj stranici konferencije.<\/strong><\/em><\/p>\t\t\t\t\t\t\t\t<\/div>\n\t\t\t\t<\/div>\n\t\t\t\t\t<\/div>\n\t\t<\/div>\n\t\t\t\t<div class=\"elementor-column elementor-col-50 elementor-top-column elementor-element elementor-element-5ee6b64\" data-id=\"5ee6b64\" data-element_type=\"column\" data-e-type=\"column\">\n\t\t\t<div class=\"elementor-widget-wrap elementor-element-populated\">\n\t\t\t\t\t\t\t<\/div>\n\t\t<\/div>\n\t\t\t\t\t<\/div>\n\t\t<\/section>\n\t\t\t\t<\/div>","protected":false},"excerpt":{"rendered":"<p>Prijava \u2013 Aktivni sudionik (Prijave za aktivne sudionike zatvorene) U dana\u0161nje vrijeme stru\u010dnjaci te\u017ee implementirati i kombinirati nove pristupe s postoje\u0107im metodama u radu s djecom s te\u0161ko\u0107ama u razvoju kako bi njima i njihovim obiteljima pru\u017eili adekvatnu podr\u0161ku. S obzirom na brojna istra\u017eivanja koja dokazuju utjecaj razli\u010ditih metoda u praksi, prepoznata je potreba za [&hellip;]<\/p>\n","protected":false},"author":1,"featured_media":0,"parent":0,"menu_order":0,"comment_status":"closed","ping_status":"closed","template":"","meta":{"site-sidebar-layout":"no-sidebar","site-content-layout":"page-builder","ast-site-content-layout":"default","site-content-style":"default","site-sidebar-style":"default","ast-global-header-display":"","ast-banner-title-visibility":"","ast-main-header-display":"","ast-hfb-above-header-display":"","ast-hfb-below-header-display":"","ast-hfb-mobile-header-display":"","site-post-title":"disabled","ast-breadcrumbs-content":"","ast-featured-img":"disabled","footer-sml-layout":"","ast-disable-related-posts":"","theme-transparent-header-meta":"default","adv-header-id-meta":"","stick-header-meta":"","header-above-stick-meta":"","header-main-stick-meta":"","header-below-stick-meta":"","astra-migrate-meta-layouts":"default","ast-page-background-enabled":"default","ast-page-background-meta":{"desktop":{"background-color":"","background-image":"","background-repeat":"repeat","background-position":"center center","background-size":"auto","background-attachment":"scroll","background-type":"","background-media":"","overlay-type":"","overlay-color":"","overlay-opacity":"","overlay-gradient":""},"tablet":{"background-color":"","background-image":"","background-repeat":"repeat","background-position":"center center","background-size":"auto","background-attachment":"scroll","background-type":"","background-media":"","overlay-type":"","overlay-color":"","overlay-opacity":"","overlay-gradient":""},"mobile":{"background-color":"","background-image":"","background-repeat":"repeat","background-position":"center center","background-size":"auto","background-attachment":"scroll","background-type":"","background-media":"","overlay-type":"","overlay-color":"","overlay-opacity":"","overlay-gradient":""}},"ast-content-background-meta":{"desktop":{"background-color":"var(--ast-global-color-5)","background-image":"","background-repeat":"repeat","background-position":"center center","background-size":"auto","background-attachment":"scroll","background-type":"","background-media":"","overlay-type":"","overlay-color":"","overlay-opacity":"","overlay-gradient":""},"tablet":{"background-color":"var(--ast-global-color-5)","background-image":"","background-repeat":"repeat","background-position":"center center","background-size":"auto","background-attachment":"scroll","background-type":"","background-media":"","overlay-type":"","overlay-color":"","overlay-opacity":"","overlay-gradient":""},"mobile":{"background-color":"var(--ast-global-color-5)","background-image":"","background-repeat":"repeat","background-position":"center center","background-size":"auto","background-attachment":"scroll","background-type":"","background-media":"","overlay-type":"","overlay-color":"","overlay-opacity":"","overlay-gradient":""}},"footnotes":""},"class_list":["post-2858","page","type-page","status-publish","hentry"],"_links":{"self":[{"href":"https:\/\/ic-konferencije.eu\/en\/wp-json\/wp\/v2\/pages\/2858","targetHints":{"allow":["GET"]}}],"collection":[{"href":"https:\/\/ic-konferencije.eu\/en\/wp-json\/wp\/v2\/pages"}],"about":[{"href":"https:\/\/ic-konferencije.eu\/en\/wp-json\/wp\/v2\/types\/page"}],"author":[{"embeddable":true,"href":"https:\/\/ic-konferencije.eu\/en\/wp-json\/wp\/v2\/users\/1"}],"replies":[{"embeddable":true,"href":"https:\/\/ic-konferencije.eu\/en\/wp-json\/wp\/v2\/comments?post=2858"}],"version-history":[{"count":50,"href":"https:\/\/ic-konferencije.eu\/en\/wp-json\/wp\/v2\/pages\/2858\/revisions"}],"predecessor-version":[{"id":3360,"href":"https:\/\/ic-konferencije.eu\/en\/wp-json\/wp\/v2\/pages\/2858\/revisions\/3360"}],"wp:attachment":[{"href":"https:\/\/ic-konferencije.eu\/en\/wp-json\/wp\/v2\/media?parent=2858"}],"curies":[{"name":"wp","href":"https:\/\/api.w.org\/{rel}","templated":true}]}}