{"id":2878,"date":"2023-01-24T14:40:21","date_gmt":"2023-01-24T14:40:21","guid":{"rendered":"https:\/\/ic-konferencije.eu\/?page_id=2878"},"modified":"2023-06-10T22:22:24","modified_gmt":"2023-06-10T22:22:24","slug":"prijava-pasivni-sudionik","status":"publish","type":"page","link":"https:\/\/ic-konferencije.eu\/en\/prijava-pasivni-sudionik\/","title":{"rendered":"Prijava pasivni sudionik"},"content":{"rendered":"<div data-elementor-type=\"wp-post\" data-elementor-id=\"2878\" class=\"elementor elementor-2878\">\n\t\t\t\t\t\t<section class=\"elementor-section elementor-top-section elementor-element elementor-element-77ccb31 elementor-section-height-min-height elementor-section-boxed elementor-section-height-default elementor-section-items-middle\" data-id=\"77ccb31\" data-element_type=\"section\" data-e-type=\"section\" data-settings=\"{&quot;background_background&quot;:&quot;classic&quot;}\">\n\t\t\t\t\t\t\t<div class=\"elementor-background-overlay\"><\/div>\n\t\t\t\t\t\t\t<div class=\"elementor-container elementor-column-gap-default\">\n\t\t\t\t\t<div class=\"elementor-column elementor-col-100 elementor-top-column elementor-element elementor-element-c6408c8 envato-kit-62-home\" data-id=\"c6408c8\" data-element_type=\"column\" data-e-type=\"column\" data-settings=\"{&quot;background_background&quot;:&quot;classic&quot;}\">\n\t\t\t<div class=\"elementor-widget-wrap elementor-element-populated\">\n\t\t\t\t\t\t<div class=\"elementor-element elementor-element-de72c4a elementor-widget elementor-widget-heading\" data-id=\"de72c4a\" data-element_type=\"widget\" data-e-type=\"widget\" data-widget_type=\"heading.default\">\n\t\t\t\t<div class=\"elementor-widget-container\">\n\t\t\t\t\t<h1 class=\"elementor-heading-title elementor-size-default\">Application \u2013 Attendees<\/h1>\t\t\t\t<\/div>\n\t\t\t\t<\/div>\n\t\t\t\t<div class=\"elementor-element elementor-element-cb2b08a elementor-widget elementor-widget-heading\" data-id=\"cb2b08a\" data-element_type=\"widget\" data-e-type=\"widget\" data-widget_type=\"heading.default\">\n\t\t\t\t<div class=\"elementor-widget-container\">\n\t\t\t\t\t<p class=\"elementor-heading-title elementor-size-default\">(Prijave za pasivne sudionike zatvorene)<\/p>\t\t\t\t<\/div>\n\t\t\t\t<\/div>\n\t\t\t\t\t<\/div>\n\t\t<\/div>\n\t\t\t\t\t<\/div>\n\t\t<\/section>\n\t\t\t\t<section class=\"elementor-section elementor-top-section elementor-element elementor-element-e3ed029 elementor-section-full_width elementor-section-height-default elementor-section-height-default\" data-id=\"e3ed029\" data-element_type=\"section\" data-e-type=\"section\">\n\t\t\t\t\t\t<div class=\"elementor-container elementor-column-gap-default\">\n\t\t\t\t\t<div class=\"elementor-column elementor-col-50 elementor-top-column elementor-element elementor-element-d1a0a86\" data-id=\"d1a0a86\" data-element_type=\"column\" data-e-type=\"column\">\n\t\t\t<div class=\"elementor-widget-wrap elementor-element-populated\">\n\t\t\t\t\t\t<div class=\"elementor-element elementor-element-8c3424a elementor-widget elementor-widget-text-editor\" data-id=\"8c3424a\" data-element_type=\"widget\" data-e-type=\"widget\" data-widget_type=\"text-editor.default\">\n\t\t\t\t<div class=\"elementor-widget-container\">\n\t\t\t\t\t\t\t\t\t<p>U dana\u0161nje vrijeme stru\u010dnjaci te\u017ee implementirati i kombinirati nove pristupe s postoje\u0107im metodama u radu s djecom s te\u0161ko\u0107ama u razvoju kako bi njima i njihovim obiteljima pru\u017eili adekvatnu podr\u0161ku. S obzirom na brojna istra\u017eivanja koja dokazuju utjecaj razli\u010ditih metoda u praksi, prepoznata je potreba za multidisciplinarnim pristupom u razmjeni znanja i strate\u0161kom planiranju rada s djecom s te\u0161ko\u0107ama u razvoju i njihovim obiteljima.<\/p><p>U cilju razvijanja dijaloga me\u0111u stru\u010dnjacima iz razli\u010ditih podru\u010dja, glavni fokus ove konferencije su inovativne metode i pristupi radu s djecom s te\u0161ko\u0107ama u razvoju i njihovim obiteljima.<\/p><p><strong>Tematska podru\u010dja konferencije<\/strong><\/p><p>Ove \u0107e se godine tematska podru\u010dja konferencije usmjeriti na rad s obitelji i roditeljima djece s te\u0161ko\u0107ama u razvoju te na prikaz praksi, metoda i na\u010dina rada razli\u010ditih organizacija koje djeluju u zajednicama poput vrti\u0107a, \u0161kola, udruga, centara i mnogih drugih, iz razli\u010ditih dijelova Hrvatske.<\/p><p><strong>Rad s obitelji i roditeljima<\/strong><\/p><p>Svjedo\u010dimo razvoju i korisnosti brojnih terapijskih metoda kojima utje\u010demo na razvoj vje\u0161tina i sposobnosti djeteta s te\u0161ko\u0107ama u razvoju no poznato je kako odnos izme\u0111u djeteta i stru\u010dnjaka mo\u017ee biti va\u017ean prediktor uspje\u0161nosti terapije ili obrazovnog programa, bez obzira na odabranu metodu rada. Odnos koji je za dijete ipak najva\u017eniji jest onaj izme\u0111u njega i roditelja, odnosno primarnih skrbnika i ostalih \u010dlanova obitelji koji \u010dine djetetovu svakodnevnicu. Sve vi\u0161e stru\u010dnjaka uvi\u0111a kako rad s djetetom s te\u0161ko\u0107ama podrazumijeva i rad s roditeljima \u0161to se mo\u017ee odnositi ne samo na edukaciju roditelja o svakodnevnim postupanjima ve\u0107 i na pru\u017eanje psihosocijalne pomo\u0107i u vidu usvajanja mehanizama no\u0161enja sa stresom. Na koji na\u010din stru\u010dnjaci uklju\u010duju roditelje i obitelji u terapijski tretman djeteta s te\u0161ko\u0107ama u razvoju, na koji na\u010din uklju\u010duju komponentu obiteljske dinamike u kreiranje plana i programa za dijete te koji su na\u010dini pru\u017eanja psihosocijalne podr\u0161ke obiteljima djece s te\u0161ko\u0107ama u razvoju biti \u0107e neke tema ovogodi\u0161nje konferencije.<\/p><p><strong>Prikaz prakse organizacija iz razli\u010ditih lokalnih zajednica<\/strong><\/p><p>Osje\u0107aj sigurnosti va\u017ean je svakoj obitelji djeteta s te\u0161ko\u0107ama u razvoju. On nerijetko izostaje odmah na samom po\u010detku spoznavanja da je djetetu potrebna dodatna podr\u0161ka i druga\u010diji pristup njegovom razvoju. Obitelji djece s te\u0161ko\u0107ama u razvoju u potrazi za terapijskim uslugama i edukacijom fokus naj\u010de\u0161\u0107e usmjeravaju na ve\u0107e gradove gdje se uglavnom i obavlja inicijalna dijagnostika te u kojima njihovo dijete mo\u017ee dobiti odgovaraju\u0107u podr\u0161ku koja mu je potrebna. Takva se usmjerenost ponekad obrazla\u017ee nedostatnom podr\u0161kom unutar vlastite lokalne zajednice koja, iako mo\u017ee izostati, \u010desto je odraz centralizacije usluga te nedovoljne informiranosti i svjesnosti o postoje\u0107im uslugama u zajednici. Iako \u010dinjenice ukazuju da bi dostupnih usluga u lokalnim zajednicama trebalo biti vi\u0161e, postoji veliki broj kvalitetnih pru\u017eatelja usluga za djecu s te\u0161ko\u0107ama u razvoju i njihove obitelji. Zato jednu od tematskih podru\u010dja ove konferencije posve\u0107ujemo upravo njima. U sklopu ovog tematskog podru\u010dja pozivamo stru\u010dnjake da predstave svoje organizacije i praksu te na\u010dine provo\u0111enja svojih usluga za djecu s te\u0161ko\u0107ama u razvoju.<\/p><p><strong>Participation in this conference is free of charge to ensure accessible and inclusive access to information for all interested academics and practitioners. If you would like to attend this event, it is necessary to fill the form below and explain your reasons and motivations for joining the conference.<\/strong><\/p>\t\t\t\t\t\t\t\t<\/div>\n\t\t\t\t<\/div>\n\t\t\t\t<div class=\"elementor-element elementor-element-c52f8ec elementor-widget elementor-widget-heading\" data-id=\"c52f8ec\" data-element_type=\"widget\" data-e-type=\"widget\" data-widget_type=\"heading.default\">\n\t\t\t\t<div class=\"elementor-widget-container\">\n\t\t\t\t\t<p class=\"elementor-heading-title elementor-size-default\">Prijave za pasivne sudionike zatvorene<\/p>\t\t\t\t<\/div>\n\t\t\t\t<\/div>\n\t\t\t\t\t<\/div>\n\t\t<\/div>\n\t\t\t\t<div class=\"elementor-column elementor-col-50 elementor-top-column elementor-element elementor-element-7d2ebf4\" data-id=\"7d2ebf4\" data-element_type=\"column\" data-e-type=\"column\">\n\t\t\t<div class=\"elementor-widget-wrap elementor-element-populated\">\n\t\t\t\t\t\t\t<\/div>\n\t\t<\/div>\n\t\t\t\t\t<\/div>\n\t\t<\/section>\n\t\t\t\t<\/div>","protected":false},"excerpt":{"rendered":"<p>Prijava \u2013 Pasivni sudionik (Prijave za pasivne sudionike zatvorene) U dana\u0161nje vrijeme stru\u010dnjaci te\u017ee implementirati i kombinirati nove pristupe s postoje\u0107im metodama u radu s djecom s te\u0161ko\u0107ama u razvoju kako bi njima i njihovim obiteljima pru\u017eili adekvatnu podr\u0161ku. S obzirom na brojna istra\u017eivanja koja dokazuju utjecaj razli\u010ditih metoda u praksi, prepoznata je potreba za [&hellip;]<\/p>\n","protected":false},"author":1,"featured_media":0,"parent":0,"menu_order":0,"comment_status":"closed","ping_status":"closed","template":"","meta":{"site-sidebar-layout":"no-sidebar","site-content-layout":"page-builder","ast-site-content-layout":"default","site-content-style":"default","site-sidebar-style":"default","ast-global-header-display":"","ast-banner-title-visibility":"","ast-main-header-display":"","ast-hfb-above-header-display":"","ast-hfb-below-header-display":"","ast-hfb-mobile-header-display":"","site-post-title":"disabled","ast-breadcrumbs-content":"","ast-featured-img":"disabled","footer-sml-layout":"","ast-disable-related-posts":"","theme-transparent-header-meta":"default","adv-header-id-meta":"","stick-header-meta":"","header-above-stick-meta":"","header-main-stick-meta":"","header-below-stick-meta":"","astra-migrate-meta-layouts":"default","ast-page-background-enabled":"default","ast-page-background-meta":{"desktop":{"background-color":"","background-image":"","background-repeat":"repeat","background-position":"center center","background-size":"auto","background-attachment":"scroll","background-type":"","background-media":"","overlay-type":"","overlay-color":"","overlay-opacity":"","overlay-gradient":""},"tablet":{"background-color":"","background-image":"","background-repeat":"repeat","background-position":"center center","background-size":"auto","background-attachment":"scroll","background-type":"","background-media":"","overlay-type":"","overlay-color":"","overlay-opacity":"","overlay-gradient":""},"mobile":{"background-color":"","background-image":"","background-repeat":"repeat","background-position":"center center","background-size":"auto","background-attachment":"scroll","background-type":"","background-media":"","overlay-type":"","overlay-color":"","overlay-opacity":"","overlay-gradient":""}},"ast-content-background-meta":{"desktop":{"background-color":"var(--ast-global-color-5)","background-image":"","background-repeat":"repeat","background-position":"center center","background-size":"auto","background-attachment":"scroll","background-type":"","background-media":"","overlay-type":"","overlay-color":"","overlay-opacity":"","overlay-gradient":""},"tablet":{"background-color":"var(--ast-global-color-5)","background-image":"","background-repeat":"repeat","background-position":"center center","background-size":"auto","background-attachment":"scroll","background-type":"","background-media":"","overlay-type":"","overlay-color":"","overlay-opacity":"","overlay-gradient":""},"mobile":{"background-color":"var(--ast-global-color-5)","background-image":"","background-repeat":"repeat","background-position":"center center","background-size":"auto","background-attachment":"scroll","background-type":"","background-media":"","overlay-type":"","overlay-color":"","overlay-opacity":"","overlay-gradient":""}},"footnotes":""},"class_list":["post-2878","page","type-page","status-publish","hentry"],"_links":{"self":[{"href":"https:\/\/ic-konferencije.eu\/en\/wp-json\/wp\/v2\/pages\/2878","targetHints":{"allow":["GET"]}}],"collection":[{"href":"https:\/\/ic-konferencije.eu\/en\/wp-json\/wp\/v2\/pages"}],"about":[{"href":"https:\/\/ic-konferencije.eu\/en\/wp-json\/wp\/v2\/types\/page"}],"author":[{"embeddable":true,"href":"https:\/\/ic-konferencije.eu\/en\/wp-json\/wp\/v2\/users\/1"}],"replies":[{"embeddable":true,"href":"https:\/\/ic-konferencije.eu\/en\/wp-json\/wp\/v2\/comments?post=2878"}],"version-history":[{"count":46,"href":"https:\/\/ic-konferencije.eu\/en\/wp-json\/wp\/v2\/pages\/2878\/revisions"}],"predecessor-version":[{"id":3357,"href":"https:\/\/ic-konferencije.eu\/en\/wp-json\/wp\/v2\/pages\/2878\/revisions\/3357"}],"wp:attachment":[{"href":"https:\/\/ic-konferencije.eu\/en\/wp-json\/wp\/v2\/media?parent=2878"}],"curies":[{"name":"wp","href":"https:\/\/api.w.org\/{rel}","templated":true}]}}