{"id":3008,"date":"2023-01-31T20:30:56","date_gmt":"2023-01-31T20:30:56","guid":{"rendered":"https:\/\/ic-konferencije.eu\/?page_id=3008"},"modified":"2023-01-31T21:06:04","modified_gmt":"2023-01-31T21:06:04","slug":"konferencija-2022","status":"publish","type":"page","link":"https:\/\/ic-konferencije.eu\/en\/konferencija-2022\/","title":{"rendered":"Konferencija 2022"},"content":{"rendered":"<div data-elementor-type=\"wp-post\" data-elementor-id=\"3008\" class=\"elementor elementor-3008\">\n\t\t\t\t\t\t<section class=\"elementor-section elementor-top-section elementor-element elementor-element-77ccb31 elementor-section-height-min-height elementor-section-boxed elementor-section-height-default elementor-section-items-middle\" data-id=\"77ccb31\" data-element_type=\"section\" data-e-type=\"section\" data-settings=\"{&quot;background_background&quot;:&quot;classic&quot;}\">\n\t\t\t\t\t\t\t<div class=\"elementor-background-overlay\"><\/div>\n\t\t\t\t\t\t\t<div class=\"elementor-container elementor-column-gap-default\">\n\t\t\t\t\t<div class=\"elementor-column elementor-col-100 elementor-top-column elementor-element elementor-element-c6408c8 envato-kit-62-home\" data-id=\"c6408c8\" data-element_type=\"column\" data-e-type=\"column\" data-settings=\"{&quot;background_background&quot;:&quot;classic&quot;}\">\n\t\t\t<div class=\"elementor-widget-wrap elementor-element-populated\">\n\t\t\t\t\t\t<div class=\"elementor-element elementor-element-de72c4a elementor-widget elementor-widget-heading\" data-id=\"de72c4a\" data-element_type=\"widget\" data-e-type=\"widget\" data-widget_type=\"heading.default\">\n\t\t\t\t<div class=\"elementor-widget-container\">\n\t\t\t\t\t<h1 class=\"elementor-heading-title elementor-size-default\">KONFERENCIJA 2022.<\/h1>\t\t\t\t<\/div>\n\t\t\t\t<\/div>\n\t\t\t\t\t<\/div>\n\t\t<\/div>\n\t\t\t\t\t<\/div>\n\t\t<\/section>\n\t\t\t\t<section class=\"elementor-section elementor-top-section elementor-element elementor-element-143eb98 elementor-section-full_width elementor-section-height-default elementor-section-height-default\" data-id=\"143eb98\" data-element_type=\"section\" data-e-type=\"section\">\n\t\t\t\t\t\t<div class=\"elementor-container elementor-column-gap-default\">\n\t\t\t\t\t<div class=\"elementor-column elementor-col-50 elementor-top-column elementor-element elementor-element-0d74496\" data-id=\"0d74496\" data-element_type=\"column\" data-e-type=\"column\">\n\t\t\t<div class=\"elementor-widget-wrap elementor-element-populated\">\n\t\t\t\t\t\t<section class=\"elementor-section elementor-inner-section elementor-element elementor-element-3a3435a elementor-section-full_width elementor-section-height-default elementor-section-height-default\" data-id=\"3a3435a\" data-element_type=\"section\" data-e-type=\"section\">\n\t\t\t\t\t\t<div class=\"elementor-container elementor-column-gap-default\">\n\t\t\t\t\t<div class=\"elementor-column elementor-col-25 elementor-inner-column elementor-element elementor-element-9f10c15\" data-id=\"9f10c15\" data-element_type=\"column\" data-e-type=\"column\">\n\t\t\t<div class=\"elementor-widget-wrap elementor-element-populated\">\n\t\t\t\t\t\t<div class=\"elementor-element elementor-element-69b856d elementor-widget elementor-widget-image\" data-id=\"69b856d\" data-element_type=\"widget\" data-e-type=\"widget\" data-widget_type=\"image.default\">\n\t\t\t\t<div class=\"elementor-widget-container\">\n\t\t\t\t\t\t\t\t\t\t\t\t\t\t\t\t<a href=\"https:\/\/www.erf.unizg.hr\/hr\/\" target=\"_blank\">\n\t\t\t\t\t\t\t<img fetchpriority=\"high\" decoding=\"async\" width=\"341\" height=\"515\" src=\"https:\/\/ic-konferencije.eu\/wp-content\/uploads\/2022\/02\/ERF_UNIZG-logo.png\" class=\"attachment-full size-full wp-image-1989\" alt=\"\" srcset=\"https:\/\/ic-konferencije.eu\/wp-content\/uploads\/2022\/02\/ERF_UNIZG-logo.png 341w, https:\/\/ic-konferencije.eu\/wp-content\/uploads\/2022\/02\/ERF_UNIZG-logo-199x300.png 199w, https:\/\/ic-konferencije.eu\/wp-content\/uploads\/2022\/02\/ERF_UNIZG-logo-8x12.png 8w\" sizes=\"(max-width: 341px) 100vw, 341px\" \/>\t\t\t\t\t\t\t\t<\/a>\n\t\t\t\t\t\t\t\t\t\t\t\t\t\t\t<\/div>\n\t\t\t\t<\/div>\n\t\t\t\t\t<\/div>\n\t\t<\/div>\n\t\t\t\t<div class=\"elementor-column elementor-col-25 elementor-inner-column elementor-element elementor-element-0b825c8\" data-id=\"0b825c8\" data-element_type=\"column\" data-e-type=\"column\">\n\t\t\t<div class=\"elementor-widget-wrap elementor-element-populated\">\n\t\t\t\t\t\t<div class=\"elementor-element elementor-element-b73cc27 elementor-widget elementor-widget-image\" data-id=\"b73cc27\" data-element_type=\"widget\" data-e-type=\"widget\" data-widget_type=\"image.default\">\n\t\t\t\t<div class=\"elementor-widget-container\">\n\t\t\t\t\t\t\t\t\t\t\t\t\t\t\t\t<a href=\"https:\/\/www.zvu.hr\/\" target=\"_blank\">\n\t\t\t\t\t\t\t<img decoding=\"async\" width=\"1077\" height=\"1078\" src=\"https:\/\/ic-konferencije.eu\/wp-content\/uploads\/2022\/02\/Zdravstveno-veleuciliste-logo.png\" class=\"attachment-full size-full wp-image-2303\" alt=\"\" srcset=\"https:\/\/ic-konferencije.eu\/wp-content\/uploads\/2022\/02\/Zdravstveno-veleuciliste-logo.png 1077w, https:\/\/ic-konferencije.eu\/wp-content\/uploads\/2022\/02\/Zdravstveno-veleuciliste-logo-300x300.png 300w, https:\/\/ic-konferencije.eu\/wp-content\/uploads\/2022\/02\/Zdravstveno-veleuciliste-logo-1024x1024.png 1024w, https:\/\/ic-konferencije.eu\/wp-content\/uploads\/2022\/02\/Zdravstveno-veleuciliste-logo-150x150.png 150w, https:\/\/ic-konferencije.eu\/wp-content\/uploads\/2022\/02\/Zdravstveno-veleuciliste-logo-768x769.png 768w, https:\/\/ic-konferencije.eu\/wp-content\/uploads\/2022\/02\/Zdravstveno-veleuciliste-logo-12x12.png 12w\" sizes=\"(max-width: 1077px) 100vw, 1077px\" \/>\t\t\t\t\t\t\t\t<\/a>\n\t\t\t\t\t\t\t\t\t\t\t\t\t\t\t<\/div>\n\t\t\t\t<\/div>\n\t\t\t\t\t<\/div>\n\t\t<\/div>\n\t\t\t\t<div class=\"elementor-column elementor-col-25 elementor-inner-column elementor-element elementor-element-05c7e6f\" data-id=\"05c7e6f\" data-element_type=\"column\" data-e-type=\"column\">\n\t\t\t<div class=\"elementor-widget-wrap elementor-element-populated\">\n\t\t\t\t\t\t<div class=\"elementor-element elementor-element-9094505 elementor-widget elementor-widget-image\" data-id=\"9094505\" data-element_type=\"widget\" data-e-type=\"widget\" data-widget_type=\"image.default\">\n\t\t\t\t<div class=\"elementor-widget-container\">\n\t\t\t\t\t\t\t\t\t\t\t\t\t\t\t\t<a href=\"http:\/\/www.abbotsleaschool.co.uk\/\" target=\"_blank\">\n\t\t\t\t\t\t\t<img decoding=\"async\" width=\"205\" height=\"245\" src=\"https:\/\/ic-konferencije.eu\/wp-content\/uploads\/2022\/02\/Logotip-Abbots-Lea-School.png\" class=\"attachment-full size-full wp-image-2053\" alt=\"\" srcset=\"https:\/\/ic-konferencije.eu\/wp-content\/uploads\/2022\/02\/Logotip-Abbots-Lea-School.png 205w, https:\/\/ic-konferencije.eu\/wp-content\/uploads\/2022\/02\/Logotip-Abbots-Lea-School-10x12.png 10w\" sizes=\"(max-width: 205px) 100vw, 205px\" \/>\t\t\t\t\t\t\t\t<\/a>\n\t\t\t\t\t\t\t\t\t\t\t\t\t\t\t<\/div>\n\t\t\t\t<\/div>\n\t\t\t\t\t<\/div>\n\t\t<\/div>\n\t\t\t\t<div class=\"elementor-column elementor-col-25 elementor-inner-column elementor-element elementor-element-d26040b\" data-id=\"d26040b\" data-element_type=\"column\" data-e-type=\"column\">\n\t\t\t<div class=\"elementor-widget-wrap elementor-element-populated\">\n\t\t\t\t\t\t<div class=\"elementor-element elementor-element-a45d096 elementor-widget elementor-widget-image\" data-id=\"a45d096\" data-element_type=\"widget\" data-e-type=\"widget\" data-widget_type=\"image.default\">\n\t\t\t\t<div class=\"elementor-widget-container\">\n\t\t\t\t\t\t\t\t\t\t\t\t\t\t\t\t<a href=\"https:\/\/web2020.ffzg.unizg.hr\/\" target=\"_blank\">\n\t\t\t\t\t\t\t<img loading=\"lazy\" decoding=\"async\" width=\"475\" height=\"96\" src=\"https:\/\/ic-konferencije.eu\/wp-content\/uploads\/2022\/02\/FFOS-logo.png\" class=\"attachment-full size-full wp-image-1988\" alt=\"\" srcset=\"https:\/\/ic-konferencije.eu\/wp-content\/uploads\/2022\/02\/FFOS-logo.png 475w, https:\/\/ic-konferencije.eu\/wp-content\/uploads\/2022\/02\/FFOS-logo-300x61.png 300w, https:\/\/ic-konferencije.eu\/wp-content\/uploads\/2022\/02\/FFOS-logo-18x4.png 18w\" sizes=\"(max-width: 475px) 100vw, 475px\" \/>\t\t\t\t\t\t\t\t<\/a>\n\t\t\t\t\t\t\t\t\t\t\t\t\t\t\t<\/div>\n\t\t\t\t<\/div>\n\t\t\t\t\t<\/div>\n\t\t<\/div>\n\t\t\t\t\t<\/div>\n\t\t<\/section>\n\t\t\t\t<section class=\"elementor-section elementor-inner-section elementor-element elementor-element-e90225e elementor-section-full_width elementor-section-height-default elementor-section-height-default\" data-id=\"e90225e\" data-element_type=\"section\" data-e-type=\"section\">\n\t\t\t\t\t\t<div class=\"elementor-container elementor-column-gap-default\">\n\t\t\t\t\t<div class=\"elementor-column elementor-col-100 elementor-inner-column elementor-element elementor-element-4af647c\" data-id=\"4af647c\" data-element_type=\"column\" data-e-type=\"column\">\n\t\t\t<div class=\"elementor-widget-wrap elementor-element-populated\">\n\t\t\t\t\t\t<div class=\"elementor-element elementor-element-c8cd76d elementor-widget elementor-widget-text-editor\" data-id=\"c8cd76d\" data-element_type=\"widget\" data-e-type=\"widget\" data-widget_type=\"text-editor.default\">\n\t\t\t\t<div class=\"elementor-widget-container\">\n\t\t\t\t\t\t\t\t\t<p><span style=\"font-weight: 400;\">Prvu konferenciju DOKKICA je organizirala u lipnju pro\u0161le godine u suradnji sa specijaliziranom \u0161kolom iz Liverpoola Abbot\u2019s Lea School i Filozofskim fakultetom Osijek. Konferenciju su podr\u017eali Edukacijsko rehabilitacijski fakultet u Zagrebu te Zdravstveno veleu\u010dili\u0161te Zagreb.<\/span><\/p><p><span style=\"font-weight: 400;\">Cilj konferencije bio je predstaviti inovativne metode i pristupe u radu s djecom s te\u0161ko\u0107ama u razvoju te je sukladno navedenom cilju konferencija organizirana kroz 5 tematskih podru\u010dja:<\/span><\/p><ol><li style=\"font-weight: 400;\" aria-level=\"1\"><span style=\"font-weight: 400;\">Multidisciplinary approaches, methods and techniques in working with children and young people with SEND<\/span><\/li><li style=\"font-weight: 400;\" aria-level=\"1\"><span style=\"font-weight: 400;\">Evaluation and progress \u2013 Data collection and analysis for planning, monitoring and evidencing impact.<\/span><\/li><li style=\"font-weight: 400;\" aria-level=\"1\"><span style=\"font-weight: 400;\">Therapeutic work in the process of upbringing and education of children and young people with SEND<\/span><\/li><li style=\"font-weight: 400;\" aria-level=\"1\"><span style=\"font-weight: 400;\">Obitelj kao klju\u010dan \u010dimbenik u planiranju i provo\u0111enju obrazovnog, preventivnog i terapijskog programa<\/span><\/li><li style=\"font-weight: 400;\" aria-level=\"1\"><span style=\"font-weight: 400;\">Senzorno-integrativne aktivnosti &#8211; rana intervencija i \u0161kolska dob<\/span><\/li><\/ol><p><span style=\"font-weight: 400;\">Konferencija se odr\u017eala u hibridnom obliku (putem Zooma i u prostoru Filozofskog fakulteta Osijek) u vremenu od 8:30 do 18:00 sati te smo na istoj imali prilike ugostiti 4 plenarna predava\u010da, 15 aktivnih sudionika te preko 500 pasivnih sudionika, odnosno slu\u0161atelja iz Hrvatske i svijeta.<\/span><\/p>\t\t\t\t\t\t\t\t<\/div>\n\t\t\t\t<\/div>\n\t\t\t\t<div class=\"elementor-element elementor-element-92a3182 elementor-widget elementor-widget-text-editor\" data-id=\"92a3182\" data-element_type=\"widget\" data-e-type=\"widget\" data-widget_type=\"text-editor.default\">\n\t\t\t\t<div class=\"elementor-widget-container\">\n\t\t\t\t\t\t\t\t\t<p>Raspored pro\u0161logodi\u0161nje konferencije<\/p>\t\t\t\t\t\t\t\t<\/div>\n\t\t\t\t<\/div>\n\t\t\t\t<div class=\"elementor-element elementor-element-304db4d elementor-widget elementor-widget-image\" data-id=\"304db4d\" data-element_type=\"widget\" data-e-type=\"widget\" data-widget_type=\"image.default\">\n\t\t\t\t<div class=\"elementor-widget-container\">\n\t\t\t\t\t\t\t\t\t\t\t\t\t\t\t\t<a href=\"https:\/\/ic-konferencije.eu\/wp-content\/uploads\/2023\/01\/Program-konferencije-HRV.jpg\" data-elementor-open-lightbox=\"yes\" data-elementor-lightbox-title=\"Program konferencije 2022\" data-elementor-lightbox-description=\"\" data-e-action-hash=\"#elementor-action%3Aaction%3Dlightbox%26settings%3DeyJpZCI6MzAxNCwidXJsIjoiaHR0cHM6XC9cL2ljLWtvbmZlcmVuY2lqZS5ldVwvd3AtY29udGVudFwvdXBsb2Fkc1wvMjAyM1wvMDFcL1Byb2dyYW0ta29uZmVyZW5jaWplLUhSVi5qcGcifQ%3D%3D\">\n\t\t\t\t\t\t\t<img loading=\"lazy\" decoding=\"async\" width=\"2268\" height=\"1814\" src=\"https:\/\/ic-konferencije.eu\/wp-content\/uploads\/2023\/01\/Program-konferencije-HRV.jpg\" class=\"attachment-full size-full wp-image-3014\" alt=\"Program konferencije - HRV\" srcset=\"https:\/\/ic-konferencije.eu\/wp-content\/uploads\/2023\/01\/Program-konferencije-HRV.jpg 2268w, https:\/\/ic-konferencije.eu\/wp-content\/uploads\/2023\/01\/Program-konferencije-HRV-300x240.jpg 300w, https:\/\/ic-konferencije.eu\/wp-content\/uploads\/2023\/01\/Program-konferencije-HRV-1024x819.jpg 1024w, https:\/\/ic-konferencije.eu\/wp-content\/uploads\/2023\/01\/Program-konferencije-HRV-768x614.jpg 768w, https:\/\/ic-konferencije.eu\/wp-content\/uploads\/2023\/01\/Program-konferencije-HRV-1536x1229.jpg 1536w, https:\/\/ic-konferencije.eu\/wp-content\/uploads\/2023\/01\/Program-konferencije-HRV-2048x1638.jpg 2048w, https:\/\/ic-konferencije.eu\/wp-content\/uploads\/2023\/01\/Program-konferencije-HRV-15x12.jpg 15w\" sizes=\"(max-width: 2268px) 100vw, 2268px\" \/>\t\t\t\t\t\t\t\t<\/a>\n\t\t\t\t\t\t\t\t\t\t\t\t\t\t\t<\/div>\n\t\t\t\t<\/div>\n\t\t\t\t<div class=\"elementor-element elementor-element-7d72b7b elementor-widget elementor-widget-text-editor\" data-id=\"7d72b7b\" data-element_type=\"widget\" data-e-type=\"widget\" data-widget_type=\"text-editor.default\">\n\t\t\t\t<div class=\"elementor-widget-container\">\n\t\t\t\t\t\t\t\t\t<p>Programski odbor pro\u0161logodi\u0161nje konferencije okupio je 17 stru\u010dnjaka s podru\u010dja edukacijske rehabilitacije, logopedije, radne terapije, kineziologije, fizioterapije, pedagogije te odgoja i obrazovanja.<\/p><p><strong>\u010clanovi Programskog odbora :<\/strong><\/p><ul><li>dr. sc. Sara Mur\u0161i\u0107, Abbot\u2019s Lea School, Liverpool- predsjednica programskog odbora<\/li><li>Prof Ana Wagner Jakab, Faculty of Education and Rehabilitation Sciences, Zagreb<\/li><li>Prof Rea Fulgosi-Masnjak, Faculty of Education and Rehabilitation Sciences, Zagreb<\/li><li>Dr Ana Katu\u0161i\u0107, Faculty of Education and Rehabilitation Sciences, Zagreb<\/li><li>Mihaela Grubi\u0161i\u0107, mag. physioth., University of Applied Health Sciences<\/li><li>Dr Claire Sangster Joki\u0107, University of Applied Health Sciences<\/li><li>Lidija Andrijevi\u0107 Gaji\u0107, prof. logoped., Centar za odgoj i obrazovanje &#8220;Slava Ra\u0161kaj&#8221; Zagreb<\/li><li>Dr Sanja Jandri\u0107, University Hospital Osijek<\/li><li>Vladimir Bjelobrk, mag. educ. philol. croat. et mag. paed., Autism Centre, Osijek<\/li><li>Prof Renata Juki\u0107, Faculty of Humanities and Social Sciences, Osijek<\/li><li>Dr Iva \u0160klempe Koki\u0107, Faculty of Kinesiology, Osijek<\/li><li>Dora Marini\u0107, mag. rehab. educ. SINAPSUS, Education-rehabilitation private practice<\/li><li>Dr Zoe Moula, Imperial college London, Faculty of Medicine, School of public Health,\nEngland<\/li><li>Prof Ludmila Smirnova, Mount Saint Mary College, New York, USA<\/li><li>Sonya Abbye Taylor, EdD, Mount Saint Mary College, New York, USA<\/li><li>Dr Clare Woolhouse, Edge Hill University, Liverpool<\/li><li>Prof Fiona Hallet, Edge Hill University, Liverpool<\/li><\/ul>\t\t\t\t\t\t\t\t<\/div>\n\t\t\t\t<\/div>\n\t\t\t\t\t<\/div>\n\t\t<\/div>\n\t\t\t\t\t<\/div>\n\t\t<\/section>\n\t\t\t\t\t<\/div>\n\t\t<\/div>\n\t\t\t\t<div class=\"elementor-column elementor-col-50 elementor-top-column elementor-element elementor-element-bf8aeb5\" data-id=\"bf8aeb5\" data-element_type=\"column\" data-e-type=\"column\">\n\t\t\t<div class=\"elementor-widget-wrap elementor-element-populated\">\n\t\t\t\t\t\t\t<\/div>\n\t\t<\/div>\n\t\t\t\t\t<\/div>\n\t\t<\/section>\n\t\t\t\t<\/div>","protected":false},"excerpt":{"rendered":"<p>KONFERENCIJA 2022. Prvu konferenciju DOKKICA je organizirala u lipnju pro\u0161le godine u suradnji sa specijaliziranom \u0161kolom iz Liverpoola Abbot\u2019s Lea School i Filozofskim fakultetom Osijek. Konferenciju su podr\u017eali Edukacijsko rehabilitacijski fakultet u Zagrebu te Zdravstveno veleu\u010dili\u0161te Zagreb. Cilj konferencije bio je predstaviti inovativne metode i pristupe u radu s djecom s te\u0161ko\u0107ama u razvoju te [&hellip;]<\/p>\n","protected":false},"author":1,"featured_media":0,"parent":0,"menu_order":0,"comment_status":"closed","ping_status":"closed","template":"","meta":{"site-sidebar-layout":"no-sidebar","site-content-layout":"page-builder","ast-site-content-layout":"default","site-content-style":"default","site-sidebar-style":"default","ast-global-header-display":"","ast-banner-title-visibility":"","ast-main-header-display":"","ast-hfb-above-header-display":"","ast-hfb-below-header-display":"","ast-hfb-mobile-header-display":"","site-post-title":"disabled","ast-breadcrumbs-content":"","ast-featured-img":"disabled","footer-sml-layout":"","ast-disable-related-posts":"","theme-transparent-header-meta":"default","adv-header-id-meta":"","stick-header-meta":"","header-above-stick-meta":"","header-main-stick-meta":"","header-below-stick-meta":"","astra-migrate-meta-layouts":"default","ast-page-background-enabled":"default","ast-page-background-meta":{"desktop":{"background-color":"","background-image":"","background-repeat":"repeat","background-position":"center center","background-size":"auto","background-attachment":"scroll","background-type":"","background-media":"","overlay-type":"","overlay-color":"","overlay-opacity":"","overlay-gradient":""},"tablet":{"background-color":"","background-image":"","background-repeat":"repeat","background-position":"center center","background-size":"auto","background-attachment":"scroll","background-type":"","background-media":"","overlay-type":"","overlay-color":"","overlay-opacity":"","overlay-gradient":""},"mobile":{"background-color":"","background-image":"","background-repeat":"repeat","background-position":"center center","background-size":"auto","background-attachment":"scroll","background-type":"","background-media":"","overlay-type":"","overlay-color":"","overlay-opacity":"","overlay-gradient":""}},"ast-content-background-meta":{"desktop":{"background-color":"var(--ast-global-color-5)","background-image":"","background-repeat":"repeat","background-position":"center center","background-size":"auto","background-attachment":"scroll","background-type":"","background-media":"","overlay-type":"","overlay-color":"","overlay-opacity":"","overlay-gradient":""},"tablet":{"background-color":"var(--ast-global-color-5)","background-image":"","background-repeat":"repeat","background-position":"center center","background-size":"auto","background-attachment":"scroll","background-type":"","background-media":"","overlay-type":"","overlay-color":"","overlay-opacity":"","overlay-gradient":""},"mobile":{"background-color":"var(--ast-global-color-5)","background-image":"","background-repeat":"repeat","background-position":"center center","background-size":"auto","background-attachment":"scroll","background-type":"","background-media":"","overlay-type":"","overlay-color":"","overlay-opacity":"","overlay-gradient":""}},"footnotes":""},"class_list":["post-3008","page","type-page","status-publish","hentry"],"_links":{"self":[{"href":"https:\/\/ic-konferencije.eu\/en\/wp-json\/wp\/v2\/pages\/3008","targetHints":{"allow":["GET"]}}],"collection":[{"href":"https:\/\/ic-konferencije.eu\/en\/wp-json\/wp\/v2\/pages"}],"about":[{"href":"https:\/\/ic-konferencije.eu\/en\/wp-json\/wp\/v2\/types\/page"}],"author":[{"embeddable":true,"href":"https:\/\/ic-konferencije.eu\/en\/wp-json\/wp\/v2\/users\/1"}],"replies":[{"embeddable":true,"href":"https:\/\/ic-konferencije.eu\/en\/wp-json\/wp\/v2\/comments?post=3008"}],"version-history":[{"count":44,"href":"https:\/\/ic-konferencije.eu\/en\/wp-json\/wp\/v2\/pages\/3008\/revisions"}],"predecessor-version":[{"id":3067,"href":"https:\/\/ic-konferencije.eu\/en\/wp-json\/wp\/v2\/pages\/3008\/revisions\/3067"}],"wp:attachment":[{"href":"https:\/\/ic-konferencije.eu\/en\/wp-json\/wp\/v2\/media?parent=3008"}],"curies":[{"name":"wp","href":"https:\/\/api.w.org\/{rel}","templated":true}]}}