{"id":3082,"date":"2023-03-09T17:42:47","date_gmt":"2023-03-09T17:42:47","guid":{"rendered":"https:\/\/ic-konferencije.eu\/?page_id=3082"},"modified":"2023-03-21T20:42:21","modified_gmt":"2023-03-21T20:42:21","slug":"predavanje-ana-wagner-jakab","status":"publish","type":"page","link":"https:\/\/ic-konferencije.eu\/en\/predavanje-ana-wagner-jakab\/","title":{"rendered":"Predavanje &#8211; Ana Wagner Jakab"},"content":{"rendered":"<div data-elementor-type=\"wp-post\" data-elementor-id=\"3082\" class=\"elementor elementor-3082\">\n\t\t\t\t\t\t<section class=\"elementor-section elementor-top-section elementor-element elementor-element-77ccb31 elementor-section-height-min-height elementor-section-boxed elementor-section-height-default elementor-section-items-middle\" data-id=\"77ccb31\" data-element_type=\"section\" data-e-type=\"section\" data-settings=\"{&quot;background_background&quot;:&quot;classic&quot;}\">\n\t\t\t\t\t\t<div class=\"elementor-container elementor-column-gap-default\">\n\t\t\t\t\t<div class=\"elementor-column elementor-col-100 elementor-top-column elementor-element elementor-element-c6408c8 envato-kit-62-home\" data-id=\"c6408c8\" data-element_type=\"column\" data-e-type=\"column\" data-settings=\"{&quot;background_background&quot;:&quot;classic&quot;}\">\n\t\t\t<div class=\"elementor-widget-wrap\">\n\t\t\t\t\t\t\t<\/div>\n\t\t<\/div>\n\t\t\t\t\t<\/div>\n\t\t<\/section>\n\t\t\t\t<section class=\"elementor-section elementor-top-section elementor-element elementor-element-7c4dd1b elementor-section-full_width elementor-section-height-default elementor-section-height-default\" data-id=\"7c4dd1b\" data-element_type=\"section\" data-e-type=\"section\">\n\t\t\t\t\t\t<div class=\"elementor-container elementor-column-gap-default\">\n\t\t\t\t\t<div class=\"elementor-column elementor-col-50 elementor-top-column elementor-element elementor-element-884a0bb\" data-id=\"884a0bb\" data-element_type=\"column\" data-e-type=\"column\">\n\t\t\t<div class=\"elementor-widget-wrap elementor-element-populated\">\n\t\t\t\t\t\t<section class=\"elementor-section elementor-inner-section elementor-element elementor-element-2b77506 elementor-section-full_width elementor-section-height-default elementor-section-height-default\" data-id=\"2b77506\" data-element_type=\"section\" data-e-type=\"section\">\n\t\t\t\t\t\t<div class=\"elementor-container elementor-column-gap-default\">\n\t\t\t\t\t<div class=\"elementor-column elementor-col-100 elementor-inner-column elementor-element elementor-element-80d65aa\" data-id=\"80d65aa\" data-element_type=\"column\" data-e-type=\"column\">\n\t\t\t<div class=\"elementor-widget-wrap elementor-element-populated\">\n\t\t\t\t\t\t<div class=\"elementor-element elementor-element-de72c4a elementor-widget elementor-widget-heading\" data-id=\"de72c4a\" data-element_type=\"widget\" data-e-type=\"widget\" data-widget_type=\"heading.default\">\n\t\t\t\t<div class=\"elementor-widget-container\">\n\t\t\t\t\t<h1 class=\"elementor-heading-title elementor-size-default\">PLENARNO PREDAVANJE - Rad s obitelji i roditeljima<\/h1>\t\t\t\t<\/div>\n\t\t\t\t<\/div>\n\t\t\t\t<div class=\"elementor-element elementor-element-301323c elementor-widget elementor-widget-text-editor\" data-id=\"301323c\" data-element_type=\"widget\" data-e-type=\"widget\" data-widget_type=\"text-editor.default\">\n\t\t\t\t<div class=\"elementor-widget-container\">\n\t\t\t\t\t\t\t\t\t<p>Kada govorimo o poticanju djeteta s te\u0161ko\u0107ama u razvoju nerijetko zaboravljamo na va\u017ean faktor koji utje\u010de na djetetov razvoj &#8211; okru\u017eenje i okolinu koju \u010dine \u010dlanovi njegove obitelji. Va\u017eno je i neophodno govoriti o podr\u0161ci koja je potrebna upravo njima: roditeljima, bra\u0107i i sestrama pa \u010dak i bakama i djedovima djece s te\u0161ko\u0107ama u razvoju.<\/p><p>Stoga nam je drago objaviti na\u0161u prvu plenarnu predava\u010dicu na ovogodi\u0161njoj konferenciji DOKKICE, izv. prof. dr. sc. Anu Wagner Jakab koja \u0107e odr\u017eati svoje predavanje u sklopu tematskog podru\u010dja Rad s obitelji i roditeljima.<\/p><p>Ana Wagner Jakab izvanredna je profesorica na Edukacijsko-rehabilitacijskom fakultetu u Zagrebu. Izvodi nastavu na preddiplomskom i diplomskom studiju, na izvanrednom studiju kao i na poslijediplomskom specijalisti\u010dkom studiju Rana intervencija Edukacijsko-rehabilitacijskog fakulteta kao i na studiju Edukacijske-rehabilitacije na Fakultetu prirodoslovno-matemati\u010dkih i odgojnih znanosti, Sveu\u010dili\u0161ta u Mostaru. Autorica je 20 objavljenih znanstvenih radova i prezentirala na 33 me\u0111unarodna i doma\u0107a skupa. Zavr\u0161ila je nekoliko me\u0111unarodnih, vi\u0161egodi\u0161njih edukacija od kojih se mo\u017ee istaknuti Edukacija iz Montessori pred\u0161kolske pedagogije u organizaciji MEPI &#8211; Montessori Educational Programs International i edukacija iz Gestalt psihoterapije u organizaciji IGW &#8211; Institut fur Integrative Gestalttherapie Wurzburg. \u010clanica je Kabineta za psihoterapiju u Centru za rehabilitaciju, Edukacijsko-rehabilitacijskog fakulteta. Omiljeno podru\u010dje rada joj je rad s obitelji djece s te\u0161ko\u0107ama naro\u010dito sa sestrama i bra\u0107om djece s te\u0161ko\u0107ama.<\/p>\t\t\t\t\t\t\t\t<\/div>\n\t\t\t\t<\/div>\n\t\t\t\t<div class=\"elementor-element elementor-element-5738852 elementor-widget elementor-widget-image\" data-id=\"5738852\" data-element_type=\"widget\" data-e-type=\"widget\" data-widget_type=\"image.default\">\n\t\t\t\t<div class=\"elementor-widget-container\">\n\t\t\t\t\t\t\t\t\t\t\t\t\t\t\t\t<a href=\"https:\/\/ic-konferencije.eu\/wp-content\/uploads\/2023\/03\/Ana-Wagner-1.jpg\" data-elementor-open-lightbox=\"yes\" data-elementor-lightbox-title=\"Ana Wagner Jakab\" data-e-action-hash=\"#elementor-action%3Aaction%3Dlightbox%26settings%3DeyJpZCI6MzA4NCwidXJsIjoiaHR0cHM6XC9cL2ljLWtvbmZlcmVuY2lqZS5ldVwvd3AtY29udGVudFwvdXBsb2Fkc1wvMjAyM1wvMDNcL0FuYS1XYWduZXItMS5qcGcifQ%3D%3D\">\n\t\t\t\t\t\t\t<img fetchpriority=\"high\" decoding=\"async\" width=\"1080\" height=\"1080\" src=\"https:\/\/ic-konferencije.eu\/wp-content\/uploads\/2023\/03\/Ana-Wagner-1.jpg\" class=\"attachment-full size-full wp-image-3084\" alt=\"Ana Wagner Jakab\" srcset=\"https:\/\/ic-konferencije.eu\/wp-content\/uploads\/2023\/03\/Ana-Wagner-1.jpg 1080w, https:\/\/ic-konferencije.eu\/wp-content\/uploads\/2023\/03\/Ana-Wagner-1-300x300.jpg 300w, https:\/\/ic-konferencije.eu\/wp-content\/uploads\/2023\/03\/Ana-Wagner-1-1024x1024.jpg 1024w, https:\/\/ic-konferencije.eu\/wp-content\/uploads\/2023\/03\/Ana-Wagner-1-150x150.jpg 150w, https:\/\/ic-konferencije.eu\/wp-content\/uploads\/2023\/03\/Ana-Wagner-1-768x768.jpg 768w, https:\/\/ic-konferencije.eu\/wp-content\/uploads\/2023\/03\/Ana-Wagner-1-12x12.jpg 12w\" sizes=\"(max-width: 1080px) 100vw, 1080px\" \/>\t\t\t\t\t\t\t\t<\/a>\n\t\t\t\t\t\t\t\t\t\t\t\t\t\t\t<\/div>\n\t\t\t\t<\/div>\n\t\t\t\t\t<\/div>\n\t\t<\/div>\n\t\t\t\t\t<\/div>\n\t\t<\/section>\n\t\t\t\t\t<\/div>\n\t\t<\/div>\n\t\t\t\t<div class=\"elementor-column elementor-col-50 elementor-top-column elementor-element elementor-element-eab4322\" data-id=\"eab4322\" data-element_type=\"column\" data-e-type=\"column\">\n\t\t\t<div class=\"elementor-widget-wrap elementor-element-populated\">\n\t\t\t\t\t\t\t<\/div>\n\t\t<\/div>\n\t\t\t\t\t<\/div>\n\t\t<\/section>\n\t\t\t\t<\/div>","protected":false},"excerpt":{"rendered":"<p>PLENARNO PREDAVANJE &#8211; Rad s obitelji i roditeljima Kada govorimo o poticanju djeteta s te\u0161ko\u0107ama u razvoju nerijetko zaboravljamo na va\u017ean faktor koji utje\u010de na djetetov razvoj &#8211; okru\u017eenje i okolinu koju \u010dine \u010dlanovi njegove obitelji. Va\u017eno je i neophodno govoriti o podr\u0161ci koja je potrebna upravo njima: roditeljima, bra\u0107i i sestrama pa \u010dak i [&hellip;]<\/p>\n","protected":false},"author":1,"featured_media":0,"parent":0,"menu_order":0,"comment_status":"closed","ping_status":"closed","template":"","meta":{"site-sidebar-layout":"no-sidebar","site-content-layout":"page-builder","ast-site-content-layout":"default","site-content-style":"default","site-sidebar-style":"default","ast-global-header-display":"","ast-banner-title-visibility":"","ast-main-header-display":"","ast-hfb-above-header-display":"","ast-hfb-below-header-display":"","ast-hfb-mobile-header-display":"","site-post-title":"disabled","ast-breadcrumbs-content":"","ast-featured-img":"disabled","footer-sml-layout":"","ast-disable-related-posts":"","theme-transparent-header-meta":"default","adv-header-id-meta":"","stick-header-meta":"","header-above-stick-meta":"","header-main-stick-meta":"","header-below-stick-meta":"","astra-migrate-meta-layouts":"default","ast-page-background-enabled":"default","ast-page-background-meta":{"desktop":{"background-color":"","background-image":"","background-repeat":"repeat","background-position":"center center","background-size":"auto","background-attachment":"scroll","background-type":"","background-media":"","overlay-type":"","overlay-color":"","overlay-opacity":"","overlay-gradient":""},"tablet":{"background-color":"","background-image":"","background-repeat":"repeat","background-position":"center center","background-size":"auto","background-attachment":"scroll","background-type":"","background-media":"","overlay-type":"","overlay-color":"","overlay-opacity":"","overlay-gradient":""},"mobile":{"background-color":"","background-image":"","background-repeat":"repeat","background-position":"center center","background-size":"auto","background-attachment":"scroll","background-type":"","background-media":"","overlay-type":"","overlay-color":"","overlay-opacity":"","overlay-gradient":""}},"ast-content-background-meta":{"desktop":{"background-color":"var(--ast-global-color-5)","background-image":"","background-repeat":"repeat","background-position":"center center","background-size":"auto","background-attachment":"scroll","background-type":"","background-media":"","overlay-type":"","overlay-color":"","overlay-opacity":"","overlay-gradient":""},"tablet":{"background-color":"var(--ast-global-color-5)","background-image":"","background-repeat":"repeat","background-position":"center center","background-size":"auto","background-attachment":"scroll","background-type":"","background-media":"","overlay-type":"","overlay-color":"","overlay-opacity":"","overlay-gradient":""},"mobile":{"background-color":"var(--ast-global-color-5)","background-image":"","background-repeat":"repeat","background-position":"center center","background-size":"auto","background-attachment":"scroll","background-type":"","background-media":"","overlay-type":"","overlay-color":"","overlay-opacity":"","overlay-gradient":""}},"footnotes":""},"class_list":["post-3082","page","type-page","status-publish","hentry"],"_links":{"self":[{"href":"https:\/\/ic-konferencije.eu\/en\/wp-json\/wp\/v2\/pages\/3082","targetHints":{"allow":["GET"]}}],"collection":[{"href":"https:\/\/ic-konferencije.eu\/en\/wp-json\/wp\/v2\/pages"}],"about":[{"href":"https:\/\/ic-konferencije.eu\/en\/wp-json\/wp\/v2\/types\/page"}],"author":[{"embeddable":true,"href":"https:\/\/ic-konferencije.eu\/en\/wp-json\/wp\/v2\/users\/1"}],"replies":[{"embeddable":true,"href":"https:\/\/ic-konferencije.eu\/en\/wp-json\/wp\/v2\/comments?post=3082"}],"version-history":[{"count":40,"href":"https:\/\/ic-konferencije.eu\/en\/wp-json\/wp\/v2\/pages\/3082\/revisions"}],"predecessor-version":[{"id":3226,"href":"https:\/\/ic-konferencije.eu\/en\/wp-json\/wp\/v2\/pages\/3082\/revisions\/3226"}],"wp:attachment":[{"href":"https:\/\/ic-konferencije.eu\/en\/wp-json\/wp\/v2\/media?parent=3082"}],"curies":[{"name":"wp","href":"https:\/\/api.w.org\/{rel}","templated":true}]}}