{"id":3147,"date":"2023-03-21T20:20:56","date_gmt":"2023-03-21T20:20:56","guid":{"rendered":"https:\/\/ic-konferencije.eu\/?page_id=3147"},"modified":"2023-03-21T20:41:21","modified_gmt":"2023-03-21T20:41:21","slug":"predavanje-dina-dezmar","status":"publish","type":"page","link":"https:\/\/ic-konferencije.eu\/en\/predavanje-dina-dezmar\/","title":{"rendered":"Predavanje &#8211; Dina De\u017emar"},"content":{"rendered":"<div data-elementor-type=\"wp-post\" data-elementor-id=\"3147\" class=\"elementor elementor-3147\">\n\t\t\t\t\t\t<section class=\"elementor-section elementor-top-section elementor-element elementor-element-77ccb31 elementor-section-height-min-height elementor-section-boxed elementor-section-height-default elementor-section-items-middle\" data-id=\"77ccb31\" data-element_type=\"section\" data-e-type=\"section\" data-settings=\"{&quot;background_background&quot;:&quot;classic&quot;}\">\n\t\t\t\t\t\t<div class=\"elementor-container elementor-column-gap-default\">\n\t\t\t\t\t<div class=\"elementor-column elementor-col-100 elementor-top-column elementor-element elementor-element-c6408c8 envato-kit-62-home\" data-id=\"c6408c8\" data-element_type=\"column\" data-e-type=\"column\" data-settings=\"{&quot;background_background&quot;:&quot;classic&quot;}\">\n\t\t\t<div class=\"elementor-widget-wrap\">\n\t\t\t\t\t\t\t<\/div>\n\t\t<\/div>\n\t\t\t\t\t<\/div>\n\t\t<\/section>\n\t\t\t\t<section class=\"elementor-section elementor-top-section elementor-element elementor-element-7c4dd1b elementor-section-full_width elementor-section-height-default elementor-section-height-default\" data-id=\"7c4dd1b\" data-element_type=\"section\" data-e-type=\"section\">\n\t\t\t\t\t\t<div class=\"elementor-container elementor-column-gap-default\">\n\t\t\t\t\t<div class=\"elementor-column elementor-col-50 elementor-top-column elementor-element elementor-element-884a0bb\" data-id=\"884a0bb\" data-element_type=\"column\" data-e-type=\"column\">\n\t\t\t<div class=\"elementor-widget-wrap elementor-element-populated\">\n\t\t\t\t\t\t<section class=\"elementor-section elementor-inner-section elementor-element elementor-element-2b77506 elementor-section-full_width elementor-section-height-default elementor-section-height-default\" data-id=\"2b77506\" data-element_type=\"section\" data-e-type=\"section\">\n\t\t\t\t\t\t<div class=\"elementor-container elementor-column-gap-default\">\n\t\t\t\t\t<div class=\"elementor-column elementor-col-100 elementor-inner-column elementor-element elementor-element-80d65aa\" data-id=\"80d65aa\" data-element_type=\"column\" data-e-type=\"column\">\n\t\t\t<div class=\"elementor-widget-wrap elementor-element-populated\">\n\t\t\t\t\t\t<div class=\"elementor-element elementor-element-de72c4a elementor-widget elementor-widget-heading\" data-id=\"de72c4a\" data-element_type=\"widget\" data-e-type=\"widget\" data-widget_type=\"heading.default\">\n\t\t\t\t<div class=\"elementor-widget-container\">\n\t\t\t\t\t<h1 class=\"elementor-heading-title elementor-size-default\">PLENARNO PREDAVANJE - Prikaz prakse organizacija iz razli\u010ditih lokalih zajednica<\/h1>\t\t\t\t<\/div>\n\t\t\t\t<\/div>\n\t\t\t\t<div class=\"elementor-element elementor-element-301323c elementor-widget elementor-widget-text-editor\" data-id=\"301323c\" data-element_type=\"widget\" data-e-type=\"widget\" data-widget_type=\"text-editor.default\">\n\t\t\t\t<div class=\"elementor-widget-container\">\n\t\t\t\t\t\t\t\t\t<p>Procesu procjene, dijagnostike i terapije djece s te\u0161ko\u0107ama u razvoju va\u017eno je pristupiti timski i interdisciplinarno. S vremenom sve vi\u0161e stru\u010dnjaka uvi\u0111a va\u017enost umre\u017eavanja i zajedni\u010dkog djelovanja te sukladno tome iniciraju nove na\u010dine rada i suradnje. Na\u017ealost, takvi pristupi nisu jo\u0161 uvijek svima jednako dostupni, no provode se i rezultati takvog na\u010dina rada govore o va\u017enosti spomenutog pristupa.<\/p><p>Drago nam je najaviti na\u0161u drugu plenarnu predava\u010dicu na ovogodi\u0161njoj konferenciji Dinu De\u017emar, mag. rehab. educ., koja \u0107e odr\u017eati svoje predavanje u sklopu tematskog podru\u010dja <i>Prikaz prakse organizacija iz razli\u010ditih lokalnih zajednica<\/i>.<\/p><p>Dina De\u017emar magistra je edukacijske rehabilitacije, psihoterapeutkinja Integrativne psihoterapije i specijalizantica poslijediplomskog studija &#8220;Rana intervencija u edukacijskoj rehabilitaciji&#8221; Edukacijsko-rehabilitacijskog fakulteta Sveu\u010dili\u0161ta u Zagrebu.<\/p><p>Prvih \u0161esnaest godina rada provela je u odgojno-obrazovnom sustavu gdje je za svoj rad primila dva vrijedna priznanja. U 2020. godini napreduje u zvanje u\u010ditelja mentora. Tijekom godina redovito se stru\u010dno usavr\u0161ava, sudjeluje i izla\u017ee svoja znanja i iskustva na stru\u010dnim skupovima i simpozijima, \u017eupanijskim stru\u010dnim vije\u0107ima, vodi radionice za roditelje te svoj rad nadopunjuje brojnim drugim volonterskim aktivnostima.<\/p><p>Od 2019. godine aktivno sudjeluje u svim fazama razvoja Tima za ranu intervenciju Specijalne bolnice Rovinj te u kolovozu 2020. po\u010dinje raditi kao stru\u010dni suradnik edukacijski rehabilitator. Uz timsku procjenu i dijagnostiku, provodi individualne i grupne edukacijsko-rehabilitacijske tretmane, savjetovanje roditelja te je mentorica studentima edukacijske rehabilitacije koji stru\u010dnu praksu obavljaju u Specijalnoj bolnici Rovinj.<\/p>\t\t\t\t\t\t\t\t<\/div>\n\t\t\t\t<\/div>\n\t\t\t\t<div class=\"elementor-element elementor-element-6e4b024 elementor-widget elementor-widget-image\" data-id=\"6e4b024\" data-element_type=\"widget\" data-e-type=\"widget\" data-widget_type=\"image.default\">\n\t\t\t\t<div class=\"elementor-widget-container\">\n\t\t\t\t\t\t\t\t\t\t\t\t\t\t\t\t<a href=\"https:\/\/ic-konferencije.eu\/wp-content\/uploads\/2023\/03\/Dina-Dezmar.jpg\" data-elementor-open-lightbox=\"yes\" data-elementor-lightbox-title=\"Dina De\u017emar\" data-e-action-hash=\"#elementor-action%3Aaction%3Dlightbox%26settings%3DeyJpZCI6MzE1NiwidXJsIjoiaHR0cHM6XC9cL2ljLWtvbmZlcmVuY2lqZS5ldVwvd3AtY29udGVudFwvdXBsb2Fkc1wvMjAyM1wvMDNcL0RpbmEtRGV6bWFyLmpwZyJ9\">\n\t\t\t\t\t\t\t<img fetchpriority=\"high\" decoding=\"async\" width=\"1080\" height=\"1080\" src=\"https:\/\/ic-konferencije.eu\/wp-content\/uploads\/2023\/03\/Dina-Dezmar.jpg\" class=\"attachment-full size-full wp-image-3156\" alt=\"\" srcset=\"https:\/\/ic-konferencije.eu\/wp-content\/uploads\/2023\/03\/Dina-Dezmar.jpg 1080w, https:\/\/ic-konferencije.eu\/wp-content\/uploads\/2023\/03\/Dina-Dezmar-300x300.jpg 300w, https:\/\/ic-konferencije.eu\/wp-content\/uploads\/2023\/03\/Dina-Dezmar-1024x1024.jpg 1024w, https:\/\/ic-konferencije.eu\/wp-content\/uploads\/2023\/03\/Dina-Dezmar-150x150.jpg 150w, https:\/\/ic-konferencije.eu\/wp-content\/uploads\/2023\/03\/Dina-Dezmar-768x768.jpg 768w, https:\/\/ic-konferencije.eu\/wp-content\/uploads\/2023\/03\/Dina-Dezmar-12x12.jpg 12w\" sizes=\"(max-width: 1080px) 100vw, 1080px\" \/>\t\t\t\t\t\t\t\t<\/a>\n\t\t\t\t\t\t\t\t\t\t\t\t\t\t\t<\/div>\n\t\t\t\t<\/div>\n\t\t\t\t\t<\/div>\n\t\t<\/div>\n\t\t\t\t\t<\/div>\n\t\t<\/section>\n\t\t\t\t\t<\/div>\n\t\t<\/div>\n\t\t\t\t<div class=\"elementor-column elementor-col-50 elementor-top-column elementor-element elementor-element-eab4322\" data-id=\"eab4322\" data-element_type=\"column\" data-e-type=\"column\">\n\t\t\t<div class=\"elementor-widget-wrap elementor-element-populated\">\n\t\t\t\t\t\t\t<\/div>\n\t\t<\/div>\n\t\t\t\t\t<\/div>\n\t\t<\/section>\n\t\t\t\t<\/div>","protected":false},"excerpt":{"rendered":"<p>PLENARNO PREDAVANJE &#8211; Prikaz prakse organizacija iz razli\u010ditih lokalih zajednica Procesu procjene, dijagnostike i terapije djece s te\u0161ko\u0107ama u razvoju va\u017eno je pristupiti timski i interdisciplinarno. S vremenom sve vi\u0161e stru\u010dnjaka uvi\u0111a va\u017enost umre\u017eavanja i zajedni\u010dkog djelovanja te sukladno tome iniciraju nove na\u010dine rada i suradnje. Na\u017ealost, takvi pristupi nisu jo\u0161 uvijek svima jednako dostupni, [&hellip;]<\/p>\n","protected":false},"author":1,"featured_media":0,"parent":0,"menu_order":0,"comment_status":"closed","ping_status":"closed","template":"","meta":{"site-sidebar-layout":"no-sidebar","site-content-layout":"page-builder","ast-site-content-layout":"default","site-content-style":"default","site-sidebar-style":"default","ast-global-header-display":"","ast-banner-title-visibility":"","ast-main-header-display":"","ast-hfb-above-header-display":"","ast-hfb-below-header-display":"","ast-hfb-mobile-header-display":"","site-post-title":"disabled","ast-breadcrumbs-content":"","ast-featured-img":"disabled","footer-sml-layout":"","ast-disable-related-posts":"","theme-transparent-header-meta":"default","adv-header-id-meta":"","stick-header-meta":"","header-above-stick-meta":"","header-main-stick-meta":"","header-below-stick-meta":"","astra-migrate-meta-layouts":"default","ast-page-background-enabled":"default","ast-page-background-meta":{"desktop":{"background-color":"","background-image":"","background-repeat":"repeat","background-position":"center center","background-size":"auto","background-attachment":"scroll","background-type":"","background-media":"","overlay-type":"","overlay-color":"","overlay-opacity":"","overlay-gradient":""},"tablet":{"background-color":"","background-image":"","background-repeat":"repeat","background-position":"center center","background-size":"auto","background-attachment":"scroll","background-type":"","background-media":"","overlay-type":"","overlay-color":"","overlay-opacity":"","overlay-gradient":""},"mobile":{"background-color":"","background-image":"","background-repeat":"repeat","background-position":"center center","background-size":"auto","background-attachment":"scroll","background-type":"","background-media":"","overlay-type":"","overlay-color":"","overlay-opacity":"","overlay-gradient":""}},"ast-content-background-meta":{"desktop":{"background-color":"var(--ast-global-color-5)","background-image":"","background-repeat":"repeat","background-position":"center center","background-size":"auto","background-attachment":"scroll","background-type":"","background-media":"","overlay-type":"","overlay-color":"","overlay-opacity":"","overlay-gradient":""},"tablet":{"background-color":"var(--ast-global-color-5)","background-image":"","background-repeat":"repeat","background-position":"center center","background-size":"auto","background-attachment":"scroll","background-type":"","background-media":"","overlay-type":"","overlay-color":"","overlay-opacity":"","overlay-gradient":""},"mobile":{"background-color":"var(--ast-global-color-5)","background-image":"","background-repeat":"repeat","background-position":"center center","background-size":"auto","background-attachment":"scroll","background-type":"","background-media":"","overlay-type":"","overlay-color":"","overlay-opacity":"","overlay-gradient":""}},"footnotes":""},"class_list":["post-3147","page","type-page","status-publish","hentry"],"_links":{"self":[{"href":"https:\/\/ic-konferencije.eu\/en\/wp-json\/wp\/v2\/pages\/3147","targetHints":{"allow":["GET"]}}],"collection":[{"href":"https:\/\/ic-konferencije.eu\/en\/wp-json\/wp\/v2\/pages"}],"about":[{"href":"https:\/\/ic-konferencije.eu\/en\/wp-json\/wp\/v2\/types\/page"}],"author":[{"embeddable":true,"href":"https:\/\/ic-konferencije.eu\/en\/wp-json\/wp\/v2\/users\/1"}],"replies":[{"embeddable":true,"href":"https:\/\/ic-konferencije.eu\/en\/wp-json\/wp\/v2\/comments?post=3147"}],"version-history":[{"count":25,"href":"https:\/\/ic-konferencije.eu\/en\/wp-json\/wp\/v2\/pages\/3147\/revisions"}],"predecessor-version":[{"id":3220,"href":"https:\/\/ic-konferencije.eu\/en\/wp-json\/wp\/v2\/pages\/3147\/revisions\/3220"}],"wp:attachment":[{"href":"https:\/\/ic-konferencije.eu\/en\/wp-json\/wp\/v2\/media?parent=3147"}],"curies":[{"name":"wp","href":"https:\/\/api.w.org\/{rel}","templated":true}]}}